{"id":16830,"date":"2021-03-26T14:49:23","date_gmt":"2021-03-26T11:49:23","guid":{"rendered":"https:\/\/aladeeb-coffee.com\/%d8%b7%d9%84%d8%a8-%d8%a7%d9%84%d8%a7%d9%86%d8%b6%d9%85%d8%a7%d9%85-%d9%84%d9%81%d8%b1%d9%8a%d9%82-%d8%a7%d9%84%d8%aa%d9%88%d8%b2%d9%8a%d8%b9\/"},"modified":"2022-09-07T08:17:21","modified_gmt":"2022-09-07T05:17:21","slug":"%d8%b7%d9%84%d8%a8-%d8%a7%d9%84%d8%a7%d9%86%d8%b6%d9%85%d8%a7%d9%85-%d9%84%d9%81%d8%b1%d9%8a%d9%82-%d8%a7%d9%84%d8%aa%d9%88%d8%b2%d9%8a%d8%b9","status":"publish","type":"page","link":"https:\/\/aladeeb-coffee.com\/tr\/%d8%b7%d9%84%d8%a8-%d8%a7%d9%84%d8%a7%d9%86%d8%b6%d9%85%d8%a7%d9%85-%d9%84%d9%81%d8%b1%d9%8a%d9%82-%d8%a7%d9%84%d8%aa%d9%88%d8%b2%d9%8a%d8%b9\/","title":{"rendered":"Da\u011f\u0131t\u0131m ekibine kat\u0131lma iste\u011fi"},"content":{"rendered":"\t\t<div data-elementor-type=\"wp-page\" data-elementor-id=\"16830\" class=\"elementor elementor-16830 elementor-15850\" data-elementor-post-type=\"page\">\n\t\t\t\t\t\t<section class=\"elementor-section elementor-top-section elementor-element elementor-element-60202a8 elementor-section-height-min-height elementor-section-full_width elementor-section-height-default elementor-section-items-middle\" data-id=\"60202a8\" data-element_type=\"section\" data-e-type=\"section\" data-settings=\"{&quot;background_background&quot;:&quot;classic&quot;}\">\n\t\t\t\t\t\t\t<div class=\"elementor-background-overlay\"><\/div>\n\t\t\t\t\t\t\t<div class=\"elementor-container elementor-column-gap-default\">\n\t\t\t\t\t<div class=\"elementor-column elementor-col-100 elementor-top-column elementor-element elementor-element-6a1b570\" data-id=\"6a1b570\" data-element_type=\"column\" data-e-type=\"column\">\n\t\t\t<div class=\"elementor-widget-wrap elementor-element-populated\">\n\t\t\t\t\t\t<div class=\"elementor-element elementor-element-623d38b elementor-widget elementor-widget-heading\" data-id=\"623d38b\" data-element_type=\"widget\" data-e-type=\"widget\" data-widget_type=\"heading.default\">\n\t\t\t\t<div class=\"elementor-widget-container\">\n\t\t\t\t\t<h2 class=\"elementor-heading-title elementor-size-default\">Da\u011f\u0131t\u0131m ekibine kat\u0131lma iste\u011fi<\/h2>\t\t\t\t<\/div>\n\t\t\t\t<\/div>\n\t\t\t\t\t<\/div>\n\t\t<\/div>\n\t\t\t\t\t<\/div>\n\t\t<\/section>\n\t\t\t\t<section class=\"elementor-section elementor-top-section elementor-element elementor-element-8f2f899 elementor-section-boxed elementor-section-height-default elementor-section-height-default\" data-id=\"8f2f899\" data-element_type=\"section\" data-e-type=\"section\">\n\t\t\t\t\t\t<div class=\"elementor-container elementor-column-gap-default\">\n\t\t\t\t\t<div class=\"elementor-column elementor-col-100 elementor-top-column elementor-element elementor-element-7c96892\" data-id=\"7c96892\" data-element_type=\"column\" data-e-type=\"column\">\n\t\t\t<div class=\"elementor-widget-wrap elementor-element-populated\">\n\t\t\t\t\t\t<div class=\"elementor-element elementor-element-fb5821b elementor-button-align-stretch elementor-widget elementor-widget-form\" data-id=\"fb5821b\" data-element_type=\"widget\" data-e-type=\"widget\" data-settings=\"{&quot;step_next_label&quot;:&quot;Next&quot;,&quot;step_previous_label&quot;:&quot;Previous&quot;,&quot;button_width&quot;:&quot;100&quot;,&quot;step_type&quot;:&quot;number_text&quot;,&quot;step_icon_shape&quot;:&quot;circle&quot;}\" data-widget_type=\"form.default\">\n\t\t\t\t<div class=\"elementor-widget-container\">\n\t\t\t\t\t\t\t<form class=\"elementor-form\" method=\"post\" name=\"New Form\">\n\t\t\t<input type=\"hidden\" name=\"post_id\" value=\"16830\"\/>\n\t\t\t<input type=\"hidden\" name=\"form_id\" value=\"fb5821b\"\/>\n\t\t\t<input type=\"hidden\" name=\"referer_title\" value=\"Da\u011f\u0131t\u0131m ekibine kat\u0131lma iste\u011fi\u0627\u0644\u0623\u062f\u064a\u0628\" \/>\n\n\t\t\t\t\t\t\t<input type=\"hidden\" name=\"queried_id\" value=\"16830\"\/>\n\t\t\t\n\t\t\t<div class=\"elementor-form-fields-wrapper elementor-labels-above\">\n\t\t\t\t\t\t\t\t<div class=\"elementor-field-type-text elementor-field-group elementor-column elementor-field-group-name elementor-col-100 elementor-field-required\">\n\t\t\t\t\t\t\t\t\t\t\t\t<label for=\"form-field-name\" class=\"elementor-field-label\">\n\t\t\t\t\t\t\t\tAd\u0131\t\t\t\t\t\t\t<\/label>\n\t\t\t\t\t\t\t\t\t\t\t\t\t\t<input size=\"1\" type=\"text\" name=\"form_fields[name]\" id=\"form-field-name\" class=\"elementor-field elementor-size-sm  elementor-field-textual\" placeholder=\"Ad\u0131\" required=\"required\">\n\t\t\t\t\t\t\t\t\t\t\t<\/div>\n\t\t\t\t\t\t\t\t<div class=\"elementor-field-type-text elementor-field-group elementor-column elementor-field-group-field_2e86edd elementor-col-100 elementor-field-required\">\n\t\t\t\t\t\t\t\t\t\t\t\t<label for=\"form-field-field_2e86edd\" class=\"elementor-field-label\">\n\t\t\t\t\t\t\t\tSoyad\u0131\t\t\t\t\t\t\t<\/label>\n\t\t\t\t\t\t\t\t\t\t\t\t\t\t<input size=\"1\" type=\"text\" name=\"form_fields[field_2e86edd]\" id=\"form-field-field_2e86edd\" class=\"elementor-field elementor-size-sm  elementor-field-textual\" placeholder=\"Soyad\u0131\" required=\"required\">\n\t\t\t\t\t\t\t\t\t\t\t<\/div>\n\t\t\t\t\t\t\t\t<div class=\"elementor-field-type-email elementor-field-group elementor-column elementor-field-group-email elementor-col-100 elementor-field-required\">\n\t\t\t\t\t\t\t\t\t\t\t\t<label for=\"form-field-email\" class=\"elementor-field-label\">\n\t\t\t\t\t\t\t\tE-posta\t\t\t\t\t\t\t<\/label>\n\t\t\t\t\t\t\t\t\t\t\t\t\t\t<input size=\"1\" type=\"email\" name=\"form_fields[email]\" id=\"form-field-email\" class=\"elementor-field elementor-size-sm  elementor-field-textual\" placeholder=\"E-posta\" required=\"required\">\n\t\t\t\t\t\t\t\t\t\t\t<\/div>\n\t\t\t\t\t\t\t\t<div class=\"elementor-field-type-tel elementor-field-group elementor-column elementor-field-group-field_d3c40a0 elementor-col-100 elementor-field-required\">\n\t\t\t\t\t\t\t\t\t\t\t\t<label for=\"form-field-field_d3c40a0\" class=\"elementor-field-label\">\n\t\t\t\t\t\t\t\tTelefon numaras\u0131\t\t\t\t\t\t\t<\/label>\n\t\t\t\t\t\t\t\t<input size=\"1\" type=\"tel\" name=\"form_fields[field_d3c40a0]\" id=\"form-field-field_d3c40a0\" class=\"elementor-field elementor-size-sm  elementor-field-textual\" placeholder=\"Telefon numaras\u0131\" required=\"required\" pattern=\"[0-9()#&amp;+*-=.]+\" title=\"Only numbers and phone characters (#, -, *, etc) are accepted.\">\n\n\t\t\t\t\t\t<\/div>\n\t\t\t\t\t\t\t\t<div class=\"elementor-field-type-url elementor-field-group elementor-column elementor-field-group-message elementor-col-100\">\n\t\t\t\t\t\t\t\t\t\t\t\t<label for=\"form-field-message\" class=\"elementor-field-label\">\n\t\t\t\t\t\t\t\tVarsa web sitesi ba\u011flant\u0131s\u0131\t\t\t\t\t\t\t<\/label>\n\t\t\t\t\t\t\t\t\t\t\t\t\t\t<input size=\"1\" type=\"url\" name=\"form_fields[message]\" id=\"form-field-message\" class=\"elementor-field elementor-size-sm  elementor-field-textual\" placeholder=\"Varsa web sitesi ba\u011flant\u0131s\u0131\">\n\t\t\t\t\t\t\t\t\t\t\t<\/div>\n\t\t\t\t\t\t\t\t<div class=\"elementor-field-type-text elementor-field-group elementor-column elementor-field-group-field_3fef878 elementor-col-100 elementor-field-required\">\n\t\t\t\t\t\t\t\t\t\t\t\t<label for=\"form-field-field_3fef878\" class=\"elementor-field-label\">\n\t\t\t\t\t\t\t\t\u015eirket ad\u0131\t\t\t\t\t\t\t<\/label>\n\t\t\t\t\t\t\t\t\t\t\t\t\t\t<input size=\"1\" type=\"text\" name=\"form_fields[field_3fef878]\" id=\"form-field-field_3fef878\" class=\"elementor-field elementor-size-sm  elementor-field-textual\" placeholder=\"\u015eirket ad\u0131\" required=\"required\">\n\t\t\t\t\t\t\t\t\t\t\t<\/div>\n\t\t\t\t\t\t\t\t<div class=\"elementor-field-type-text elementor-field-group elementor-column elementor-field-group-field_f1a3583 elementor-col-100 elementor-field-required\">\n\t\t\t\t\t\t\t\t\t\t\t\t<label for=\"form-field-field_f1a3583\" class=\"elementor-field-label\">\n\t\t\t\t\t\t\t\tEyalet\t\t\t\t\t\t\t<\/label>\n\t\t\t\t\t\t\t\t\t\t\t\t\t\t<input size=\"1\" type=\"text\" name=\"form_fields[field_f1a3583]\" id=\"form-field-field_f1a3583\" class=\"elementor-field elementor-size-sm  elementor-field-textual\" placeholder=\"Eyalet\" required=\"required\">\n\t\t\t\t\t\t\t\t\t\t\t<\/div>\n\t\t\t\t\t\t\t\t<div class=\"elementor-field-type-textarea elementor-field-group elementor-column elementor-field-group-field_242487d elementor-col-100 elementor-field-required\">\n\t\t\t\t\t\t\t\t\t\t\t\t<label for=\"form-field-field_242487d\" class=\"elementor-field-label\">\n\t\t\t\t\t\t\t\tDetayl\u0131 adres\t\t\t\t\t\t\t<\/label>\n\t\t\t\t\t\t<textarea class=\"elementor-field-textual elementor-field  elementor-size-sm\" name=\"form_fields[field_242487d]\" id=\"form-field-field_242487d\" rows=\"4\" placeholder=\"Detayl\u0131 adres\" required=\"required\"><\/textarea>\t\t\t\t<\/div>\n\t\t\t\t\t\t\t\t<div class=\"elementor-field-type-textarea elementor-field-group elementor-column elementor-field-group-field_f3ebf04 elementor-col-100 elementor-field-required\">\n\t\t\t\t\t\t\t\t\t\t\t\t<label for=\"form-field-field_f3ebf04\" class=\"elementor-field-label\">\n\t\t\t\t\t\t\t\t\u015eirketin a\u00e7\u0131klamas\u0131 ve nas\u0131l \u00e7al\u0131\u015ft\u0131\u011f\u0131\t\t\t\t\t\t\t<\/label>\n\t\t\t\t\t\t<textarea class=\"elementor-field-textual elementor-field  elementor-size-sm\" name=\"form_fields[field_f3ebf04]\" id=\"form-field-field_f3ebf04\" rows=\"4\" placeholder=\"\u015eirketin a\u00e7\u0131klamas\u0131 ve nas\u0131l \u00e7al\u0131\u015ft\u0131\u011f\u0131\" required=\"required\"><\/textarea>\t\t\t\t<\/div>\n\t\t\t\t\t\t\t\t<div class=\"elementor-field-type-upload elementor-field-group elementor-column elementor-field-group-field_918b488 elementor-col-100\">\n\t\t\t\t\t\t\t\t\t\t\t\t<label for=\"form-field-field_918b488\" class=\"elementor-field-label\">\n\t\t\t\t\t\t\t\tLisans gibi ekli dosyalar\t\t\t\t\t\t\t<\/label>\n\t\t\t\t\t\t\t\t<input type=\"file\" name=\"form_fields[field_918b488][]\" id=\"form-field-field_918b488\" class=\"elementor-field elementor-size-sm  elementor-upload-field\" multiple=\"multiple\" data-maxsize=\"10\" data-maxsize-message=\"This file exceeds the maximum allowed size.\">\n\n\t\t\t\t\t\t<\/div>\n\t\t\t\t\t\t\t\t<div class=\"elementor-field-group elementor-column elementor-field-type-submit elementor-col-100 e-form__buttons\">\n\t\t\t\t\t<button class=\"elementor-button elementor-size-sm\" type=\"submit\">\n\t\t\t\t\t\t<span class=\"elementor-button-content-wrapper\">\n\t\t\t\t\t\t\t\t\t\t\t\t\t\t\t\t\t\t\t\t\t\t<span class=\"elementor-button-text\">G\u00f6ndermek<\/span>\n\t\t\t\t\t\t\t\t\t\t\t\t\t<\/span>\n\t\t\t\t\t<\/button>\n\t\t\t\t<\/div>\n\t\t\t<\/div>\n\t\t<\/form>\n\t\t\t\t\t\t<\/div>\n\t\t\t\t<\/div>\n\t\t\t\t\t<\/div>\n\t\t<\/div>\n\t\t\t\t\t<\/div>\n\t\t<\/section>\n\t\t\t\t<\/div>\n\t\t","protected":false},"excerpt":{"rendered":"<p>Da\u011f\u0131t\u0131m ekibine kat\u0131lma iste\u011fi<\/p>\n","protected":false},"author":1,"featured_media":0,"parent":0,"menu_order":0,"comment_status":"closed","ping_status":"closed","template":"elementor_header_footer","meta":{"footnotes":""},"class_list":["post-16830","page","type-page","status-publish","hentry"],"_links":{"self":[{"href":"https:\/\/aladeeb-coffee.com\/tr\/wp-json\/wp\/v2\/pages\/16830","targetHints":{"allow":["GET"]}}],"collection":[{"href":"https:\/\/aladeeb-coffee.com\/tr\/wp-json\/wp\/v2\/pages"}],"about":[{"href":"https:\/\/aladeeb-coffee.com\/tr\/wp-json\/wp\/v2\/types\/page"}],"author":[{"embeddable":true,"href":"https:\/\/aladeeb-coffee.com\/tr\/wp-json\/wp\/v2\/users\/1"}],"replies":[{"embeddable":true,"href":"https:\/\/aladeeb-coffee.com\/tr\/wp-json\/wp\/v2\/comments?post=16830"}],"version-history":[{"count":7,"href":"https:\/\/aladeeb-coffee.com\/tr\/wp-json\/wp\/v2\/pages\/16830\/revisions"}],"predecessor-version":[{"id":18650,"href":"https:\/\/aladeeb-coffee.com\/tr\/wp-json\/wp\/v2\/pages\/16830\/revisions\/18650"}],"wp:attachment":[{"href":"https:\/\/aladeeb-coffee.com\/tr\/wp-json\/wp\/v2\/media?parent=16830"}],"curies":[{"name":"wp","href":"https:\/\/api.w.org\/{rel}","templated":true}]}}