{"id":16832,"date":"2021-03-25T16:15:38","date_gmt":"2021-03-25T13:15:38","guid":{"rendered":"https:\/\/aladeeb-coffee.com\/%d8%a7%d9%84%d9%85%d9%82%d8%a7%d9%84%d8%a7%d8%aa\/"},"modified":"2024-01-16T15:43:02","modified_gmt":"2024-01-16T12:43:02","slug":"articles","status":"publish","type":"page","link":"https:\/\/aladeeb-coffee.com\/tr\/articles\/","title":{"rendered":"\u0627\u0644\u0645\u0642\u0627\u0644\u0627\u062a"},"content":{"rendered":"\t\t<div data-elementor-type=\"wp-page\" data-elementor-id=\"16832\" class=\"elementor elementor-16832 elementor-15742\" data-elementor-post-type=\"page\">\n\t\t\t\t\t\t<section class=\"elementor-section elementor-top-section elementor-element elementor-element-27af643f elementor-section-stretched elementor-section-boxed elementor-section-height-default elementor-section-height-default\" data-id=\"27af643f\" data-element_type=\"section\" data-e-type=\"section\" data-settings=\"{&quot;stretch_section&quot;:&quot;section-stretched&quot;}\">\n\t\t\t\t\t\t<div class=\"elementor-container elementor-column-gap-default\">\n\t\t\t\t\t<div class=\"elementor-column elementor-col-100 elementor-top-column elementor-element elementor-element-454a70bd\" data-id=\"454a70bd\" data-element_type=\"column\" data-e-type=\"column\">\n\t\t\t<div class=\"elementor-widget-wrap\">\n\t\t\t\t\t\t\t<\/div>\n\t\t<\/div>\n\t\t\t\t\t<\/div>\n\t\t<\/section>\n\t\t\t\t<section class=\"elementor-section elementor-top-section elementor-element elementor-element-674e335 elementor-section-height-min-height elementor-section-full_width elementor-section-stretched elementor-section-height-default elementor-section-items-middle\" data-id=\"674e335\" data-element_type=\"section\" data-e-type=\"section\" data-settings=\"{&quot;background_background&quot;:&quot;classic&quot;,&quot;stretch_section&quot;:&quot;section-stretched&quot;}\">\n\t\t\t\t\t\t\t<div class=\"elementor-background-overlay\"><\/div>\n\t\t\t\t\t\t\t<div class=\"elementor-container elementor-column-gap-wider\">\n\t\t\t\t\t<div class=\"elementor-column elementor-col-100 elementor-top-column elementor-element elementor-element-0aa21f6\" data-id=\"0aa21f6\" data-element_type=\"column\" data-e-type=\"column\">\n\t\t\t<div class=\"elementor-widget-wrap elementor-element-populated\">\n\t\t\t\t\t\t<div class=\"elementor-element elementor-element-f4a5e13 elementor-widget elementor-widget-heading\" data-id=\"f4a5e13\" data-element_type=\"widget\" data-e-type=\"widget\" data-widget_type=\"heading.default\">\n\t\t\t\t<div class=\"elementor-widget-container\">\n\t\t\t\t\t<h2 class=\"elementor-heading-title elementor-size-default\">Makale<\/h2>\t\t\t\t<\/div>\n\t\t\t\t<\/div>\n\t\t\t\t\t<\/div>\n\t\t<\/div>\n\t\t\t\t\t<\/div>\n\t\t<\/section>\n\t\t\t\t<section class=\"elementor-section elementor-top-section elementor-element elementor-element-5bdf5be elementor-section-boxed elementor-section-height-default elementor-section-height-default\" data-id=\"5bdf5be\" data-element_type=\"section\" data-e-type=\"section\">\n\t\t\t\t\t\t<div class=\"elementor-container elementor-column-gap-default\">\n\t\t\t\t\t<div class=\"elementor-column elementor-col-100 elementor-top-column elementor-element elementor-element-355b786\" data-id=\"355b786\" data-element_type=\"column\" data-e-type=\"column\">\n\t\t\t<div class=\"elementor-widget-wrap elementor-element-populated\">\n\t\t\t\t\t\t<div class=\"elementor-element elementor-element-6d57460 elementor-widget elementor-widget-et_blog_carousel\" data-id=\"6d57460\" data-element_type=\"widget\" data-e-type=\"widget\" data-widget_type=\"et_blog_carousel.default\">\n\t\t\t\t<div class=\"elementor-widget-container\">\n\t\t\t\t\t<div class=\"swiper-entry  middle arrows-hover\">\n\t                <div\n\t                    class=\"swiper-container carousel-area  posts-slider slider-4233 \"\n\t                    \n\t                    data-breakpoints=\"1\"\n\t                    data-xs-slides=\"1\"\n\t                    data-sm-slides=\"2\"\n\t                    data-md-slides=\"3\"\n\t                    data-lt-slides=\"3\"\n\t                    data-slides-per-view=\"3\"\n\t                    \n\t                    data-slides-per-group=\"1\"\n\t                    data-autoplay=\"\"\n\t                    data-speed=\"300\"  \n\t                >\n\t            <div class=\"swiper-wrapper\"><div class=\"swiper-slide\" style=\"width:33.333333333333%\">\n<article class=\"blog-post post-grid col-md-6 grid-sizer byline-on content-default slide-view-vertical blog-align-center post-16904 post type-post status-publish format-standard has-post-thumbnail hentry category-uncategorized-tr\" id=\"post-16904\">\n    <div>\n        \t\t\t\t\t\n\t\t\t<div class=\"wp-picture blog-hover-zoom\">\n\t\t\t\t\n\t\t\t\t\t\t\t\t\t<a href=\"https:\/\/aladeeb-coffee.com\/tr\/%d9%81%d9%88%d8%a7%d8%a6%d8%af-%d8%a7%d9%84%d9%87%d9%8a%d9%84\/\">\n\t\t\t\t\t\t<img fetchpriority=\"high\" decoding=\"async\" width=\"300\" height=\"200\" src=\"https:\/\/aladeeb-coffee.com\/wp-content\/uploads\/xstore\/xstore-placeholder-300x300.png\" data-src=\"https:\/\/aladeeb-coffee.com\/wp-content\/uploads\/2021\/02\/pexels-eva-elijas-6086300-2-1-e1614156508562-300x200.jpg\" class=\" lazyload lazyload-simple et-lazyload-fadeIn\" alt=\"\" src=\"https:\/\/aladeeb-coffee.com\/wp-content\/uploads\/xstore\/xstore-placeholder-300x300.png\" data-srcset=\"https:\/\/aladeeb-coffee.com\/wp-content\/uploads\/2021\/02\/pexels-eva-elijas-6086300-2-1-e1614156508562-300x200.jpg 300w, https:\/\/aladeeb-coffee.com\/wp-content\/uploads\/2021\/02\/pexels-eva-elijas-6086300-2-1-e1614156508562-600x400.jpg 600w, https:\/\/aladeeb-coffee.com\/wp-content\/uploads\/2021\/02\/pexels-eva-elijas-6086300-2-1-e1614156508562-1024x683.jpg 1024w, https:\/\/aladeeb-coffee.com\/wp-content\/uploads\/2021\/02\/pexels-eva-elijas-6086300-2-1-e1614156508562-768x512.jpg 768w, https:\/\/aladeeb-coffee.com\/wp-content\/uploads\/2021\/02\/pexels-eva-elijas-6086300-2-1-e1614156508562.jpg 1500w\" data-sizes=\"(max-width: 300px) 100vw, 300px\" \/>\t\t\t\t\t<\/a>\n\t\t\t\t<div class=\"post-categories\"><a href=\"https:\/\/aladeeb-coffee.com\/tr\/category\/uncategorized-tr\/\">Kategorize edilmemi\u015f<\/a><\/div>\t\t\t\t\t<div class=\"blog-mask\">\n\t\t\t\t\t\t\t\t\t\t\t\t\t<div class=\"blog-mask-inner\">\n\t\t\t\t\t\t\t\t<div class=\"svg-wrapper\">\n\t\t\t\t\t\t\t\t\t<a href=\"https:\/\/aladeeb-coffee.com\/tr\/%d9%81%d9%88%d8%a7%d8%a6%d8%af-%d8%a7%d9%84%d9%87%d9%8a%d9%84\/\">\n\t\t\t\t\t\t\t\t\t\t<svg height=\"40\" width=\"150\" xmlns=\"http:\/\/www.w3.org\/2000\/svg\">\n\t\t\t\t\t\t\t\t\t\t\t<rect class=\"shape\" height=\"40\" width=\"150\" \/>\n\t\t\t\t\t\t\t\t\t\t<\/svg>\n\t\t\t\t\t\t\t\t\t\t<span class=\"btn btn-read-more style-custom\">Read more<\/span>\n\t\t\t\t\t\t\t\t\t<\/a>\n\t\t\t\t\t\t\t\t<\/div>\n\t\t\t\t\t\t\t<\/div>\n\t\t\t\t\t\t\t\t\t\t\t<\/div>\n\t\t\t\t\t\t\t\t\n\t\t\t\t\t\t\t<\/div>\n\t\t\t\t\n        <div class=\"grid-post-body\">\n            <div class=\"post-heading\">\n                <h2><a href=\"https:\/\/aladeeb-coffee.com\/tr\/%d9%81%d9%88%d8%a7%d8%a6%d8%af-%d8%a7%d9%84%d9%87%d9%8a%d9%84\/\">Kakule<\/a><\/h2>\n                                    \t\t<div class=\"meta-post\">\n\t\t\t\t\t\t\t\t\t\t<time class=\"entry-date published updated\" datetime=\"\u015eubat 24, 2021\">\n\t\t\t\t\t\u015eubat 24, 2021<\/time>\n\t\t\t\t\n\t\t\t\t<a href=\"https:\/\/aladeeb-coffee.com\/tr\/%d9%81%d9%88%d8%a7%d8%a6%d8%af-%d8%a7%d9%84%d9%87%d9%8a%d9%84\/#respond\" class=\"post-comments-count\" ><span>0<\/span><\/a>\t\t\t\t\t<\/div>\n\t\t                            <\/div>\n\n            <div class=\"content-article\">\n                Kakule,&nbsp;zencefilgiller&nbsp;ailesinden&nbsp;Elettaria&nbsp;ve&nbsp;Amomum&nbsp;cinslerini&nbsp;kapsayan bitkilerin genel ad\u0131d\u0131r. Bat\u0131 ve G\u00fcney Hindistan, G\u00fcneydo\u011fu Asya\u2019n\u0131n s\u0131cak b\u00f6lgelerinde yeti\u015fen, 4\u20135 m boyunda, b\u00fcy\u00fck&nbsp;yaprakl\u0131&nbsp;\u00e7ok y\u0131ll\u0131k bir&nbsp;bitki&nbsp;cinsidir. \u00d6zellikle G\u00fcney&nbsp;Hindistan\u2019\u0131n batakl\u0131k ormanlar\u0131nda yab\u00e2n\u00ee olarak...                <a href=\"https:\/\/aladeeb-coffee.com\/tr\/%d9%81%d9%88%d8%a7%d8%a6%d8%af-%d8%a7%d9%84%d9%87%d9%8a%d9%84\/\" class=\"more-button\"><span class=\"read-more btn medium active\">Continue reading<\/span><\/a>            <\/div>\n        <\/div>\n    <\/div>\n<\/article>\n\n<\/div><div class=\"swiper-slide\" style=\"width:33.333333333333%\">\n<article class=\"blog-post post-grid col-md-6 byline-on content-default slide-view-vertical blog-align-center post-16906 post type-post status-publish format-standard has-post-thumbnail hentry category-uncategorized-tr category-1\" id=\"post-16906\">\n    <div>\n        \t\t\t\t\t\n\t\t\t<div class=\"wp-picture blog-hover-zoom\">\n\t\t\t\t\n\t\t\t\t\t\t\t\t\t<a href=\"https:\/\/aladeeb-coffee.com\/tr\/%d8%a3%d9%86%d9%88%d8%a7%d8%b9-%d8%a7%d9%84%d8%a8%d9%86\/\">\n\t\t\t\t\t\t<img decoding=\"async\" width=\"300\" height=\"200\" src=\"https:\/\/aladeeb-coffee.com\/wp-content\/uploads\/xstore\/xstore-placeholder-300x300.png\" data-src=\"https:\/\/aladeeb-coffee.com\/wp-content\/uploads\/2021\/02\/pexels-negative-space-134577-1-300x200.jpg\" class=\" lazyload lazyload-simple et-lazyload-fadeIn\" alt=\"\" src=\"https:\/\/aladeeb-coffee.com\/wp-content\/uploads\/xstore\/xstore-placeholder-300x300.png\" data-srcset=\"https:\/\/aladeeb-coffee.com\/wp-content\/uploads\/2021\/02\/pexels-negative-space-134577-1-300x200.jpg 300w, https:\/\/aladeeb-coffee.com\/wp-content\/uploads\/2021\/02\/pexels-negative-space-134577-1-600x400.jpg 600w, https:\/\/aladeeb-coffee.com\/wp-content\/uploads\/2021\/02\/pexels-negative-space-134577-1-1024x682.jpg 1024w, https:\/\/aladeeb-coffee.com\/wp-content\/uploads\/2021\/02\/pexels-negative-space-134577-1-768x512.jpg 768w, https:\/\/aladeeb-coffee.com\/wp-content\/uploads\/2021\/02\/pexels-negative-space-134577-1.jpg 1280w\" data-sizes=\"(max-width: 300px) 100vw, 300px\" \/>\t\t\t\t\t<\/a>\n\t\t\t\t<div class=\"post-categories\"><a href=\"https:\/\/aladeeb-coffee.com\/tr\/category\/uncategorized-tr\/\">Kategorize edilmemi\u015f<\/a><\/div>\t\t\t\t\t<div class=\"blog-mask\">\n\t\t\t\t\t\t\t\t\t\t\t\t\t<div class=\"blog-mask-inner\">\n\t\t\t\t\t\t\t\t<div class=\"svg-wrapper\">\n\t\t\t\t\t\t\t\t\t<a href=\"https:\/\/aladeeb-coffee.com\/tr\/%d8%a3%d9%86%d9%88%d8%a7%d8%b9-%d8%a7%d9%84%d8%a8%d9%86\/\">\n\t\t\t\t\t\t\t\t\t\t<svg height=\"40\" width=\"150\" xmlns=\"http:\/\/www.w3.org\/2000\/svg\">\n\t\t\t\t\t\t\t\t\t\t\t<rect class=\"shape\" height=\"40\" width=\"150\" \/>\n\t\t\t\t\t\t\t\t\t\t<\/svg>\n\t\t\t\t\t\t\t\t\t\t<span class=\"btn btn-read-more style-custom\">Read more<\/span>\n\t\t\t\t\t\t\t\t\t<\/a>\n\t\t\t\t\t\t\t\t<\/div>\n\t\t\t\t\t\t\t<\/div>\n\t\t\t\t\t\t\t\t\t\t\t<\/div>\n\t\t\t\t\t\t\t\t\n\t\t\t\t\t\t\t<\/div>\n\t\t\t\t\n        <div class=\"grid-post-body\">\n            <div class=\"post-heading\">\n                <h2><a href=\"https:\/\/aladeeb-coffee.com\/tr\/%d8%a3%d9%86%d9%88%d8%a7%d8%b9-%d8%a7%d9%84%d8%a8%d9%86\/\">kahve t\u00fcrleri<\/a><\/h2>\n                                    \t\t<div class=\"meta-post\">\n\t\t\t\t\t\t\t\t\t\t<time class=\"entry-date published updated\" datetime=\"\u015eubat 24, 2021\">\n\t\t\t\t\t\u015eubat 24, 2021<\/time>\n\t\t\t\t\n\t\t\t\t<a href=\"https:\/\/aladeeb-coffee.com\/tr\/%d8%a3%d9%86%d9%88%d8%a7%d8%b9-%d8%a7%d9%84%d8%a8%d9%86\/#respond\" class=\"post-comments-count\" ><span>0<\/span><\/a>\t\t\t\t\t<\/div>\n\t\t                            <\/div>\n\n            <div class=\"content-article\">\n                Arabica Kahve Arabica kahvenin ne oldu\u011funu ve i\u00e7ti\u011finizkahveyi nas\u0131l etkiledi\u011fini merak ediyor musunuz? Arabica kahvesi, Coffea arabicabitkisinin \u00e7ekirdeklerinden yap\u0131lan bir kahve t\u00fcr\u00fcd\u00fcr. Arabica, Etiyopya\u2019n\u0131n g\u00fcneybat\u0131yaylalar\u0131nda...                <a href=\"https:\/\/aladeeb-coffee.com\/tr\/%d8%a3%d9%86%d9%88%d8%a7%d8%b9-%d8%a7%d9%84%d8%a8%d9%86\/\" class=\"more-button\"><span class=\"read-more btn medium active\">Continue reading<\/span><\/a>            <\/div>\n        <\/div>\n    <\/div>\n<\/article>\n\n<\/div><div class=\"swiper-slide\" style=\"width:33.333333333333%\">\n<article class=\"blog-post post-grid col-md-6 byline-on content-default slide-view-vertical blog-align-center post-16911 post type-post status-publish format-standard has-post-thumbnail hentry category-uncategorized-tr\" id=\"post-16911\">\n    <div>\n        \t\t\t\t\t\n\t\t\t<div class=\"wp-picture blog-hover-zoom\">\n\t\t\t\t\n\t\t\t\t\t\t\t\t\t<a href=\"https:\/\/aladeeb-coffee.com\/tr\/%d9%81%d9%88%d8%a7%d8%a6%d8%af-%d8%a7%d9%84%d9%82%d9%87%d9%88%d8%a9-%d8%a7%d9%84%d8%b9%d8%b1%d8%a8%d9%8a%d8%a9\/\">\n\t\t\t\t\t\t<img decoding=\"async\" width=\"300\" height=\"192\" src=\"https:\/\/aladeeb-coffee.com\/wp-content\/uploads\/elementor\/thumbs\/xstore-placeholder-pac8kpui5kblbvf4stz5fj6cl43beii997cqu32otk.png\" data-src=\"https:\/\/aladeeb-coffee.com\/wp-content\/uploads\/2021\/02\/6034be5b1b067-1-300x192.jpg\" class=\" lazyload lazyload-simple et-lazyload-fadeIn\" alt=\"\" src=\"https:\/\/aladeeb-coffee.com\/wp-content\/uploads\/elementor\/thumbs\/xstore-placeholder-pac8kpui5kblbvf4stz5fj6cl43beii997cqu32otk.png\" data-srcset=\"https:\/\/aladeeb-coffee.com\/wp-content\/uploads\/2021\/02\/6034be5b1b067-1-300x192.jpg 300w, https:\/\/aladeeb-coffee.com\/wp-content\/uploads\/2021\/02\/6034be5b1b067-1-600x384.jpg 600w, https:\/\/aladeeb-coffee.com\/wp-content\/uploads\/2021\/02\/6034be5b1b067-1-768x492.jpg 768w, https:\/\/aladeeb-coffee.com\/wp-content\/uploads\/2021\/02\/6034be5b1b067-1.jpg 1000w\" data-sizes=\"(max-width: 300px) 100vw, 300px\" \/>\t\t\t\t\t<\/a>\n\t\t\t\t<div class=\"post-categories\"><a href=\"https:\/\/aladeeb-coffee.com\/tr\/category\/uncategorized-tr\/\">Kategorize edilmemi\u015f<\/a><\/div>\t\t\t\t\t<div class=\"blog-mask\">\n\t\t\t\t\t\t\t\t\t\t\t\t\t<div class=\"blog-mask-inner\">\n\t\t\t\t\t\t\t\t<div class=\"svg-wrapper\">\n\t\t\t\t\t\t\t\t\t<a href=\"https:\/\/aladeeb-coffee.com\/tr\/%d9%81%d9%88%d8%a7%d8%a6%d8%af-%d8%a7%d9%84%d9%82%d9%87%d9%88%d8%a9-%d8%a7%d9%84%d8%b9%d8%b1%d8%a8%d9%8a%d8%a9\/\">\n\t\t\t\t\t\t\t\t\t\t<svg height=\"40\" width=\"150\" xmlns=\"http:\/\/www.w3.org\/2000\/svg\">\n\t\t\t\t\t\t\t\t\t\t\t<rect class=\"shape\" height=\"40\" width=\"150\" \/>\n\t\t\t\t\t\t\t\t\t\t<\/svg>\n\t\t\t\t\t\t\t\t\t\t<span class=\"btn btn-read-more style-custom\">Read more<\/span>\n\t\t\t\t\t\t\t\t\t<\/a>\n\t\t\t\t\t\t\t\t<\/div>\n\t\t\t\t\t\t\t<\/div>\n\t\t\t\t\t\t\t\t\t\t\t<\/div>\n\t\t\t\t\t\t\t\t\n\t\t\t\t\t\t\t<\/div>\n\t\t\t\t\n        <div class=\"grid-post-body\">\n            <div class=\"post-heading\">\n                <h2><a href=\"https:\/\/aladeeb-coffee.com\/tr\/%d9%81%d9%88%d8%a7%d8%a6%d8%af-%d8%a7%d9%84%d9%82%d9%87%d9%88%d8%a9-%d8%a7%d9%84%d8%b9%d8%b1%d8%a8%d9%8a%d8%a9\/\">Arap kahvesinin faydalar\u0131<\/a><\/h2>\n                                    \t\t<div class=\"meta-post\">\n\t\t\t\t\t\t\t\t\t\t<time class=\"entry-date published updated\" datetime=\"\u015eubat 24, 2021\">\n\t\t\t\t\t\u015eubat 24, 2021<\/time>\n\t\t\t\t\n\t\t\t\t<a href=\"https:\/\/aladeeb-coffee.com\/tr\/%d9%81%d9%88%d8%a7%d8%a6%d8%af-%d8%a7%d9%84%d9%82%d9%87%d9%88%d8%a9-%d8%a7%d9%84%d8%b9%d8%b1%d8%a8%d9%8a%d8%a9\/#respond\" class=\"post-comments-count\" ><span>0<\/span><\/a>\t\t\t\t\t<\/div>\n\t\t                            <\/div>\n\n            <div class=\"content-article\">\n                &#13; Arap Kahvesi&#13; Kahvenin kavrulmas\u0131yla a\u00e7\u0131k renkli g\u00f6r\u00fcn\u00fcm elde eden as\u0131l vatan\u0131 Yemen topraklar\u0131 kabul edilip daha sona di\u011fer Arap \u00fclkesindeki kesime ula\u015farak geni\u015f bir...                <a href=\"https:\/\/aladeeb-coffee.com\/tr\/%d9%81%d9%88%d8%a7%d8%a6%d8%af-%d8%a7%d9%84%d9%82%d9%87%d9%88%d8%a9-%d8%a7%d9%84%d8%b9%d8%b1%d8%a8%d9%8a%d8%a9\/\" class=\"more-button\"><span class=\"read-more btn medium active\">Continue reading<\/span><\/a>            <\/div>\n        <\/div>\n    <\/div>\n<\/article>\n\n<\/div><\/div><!-- slider wrapper--><\/div><!-- slider container-->\n                \t\t<div class=\"swiper-button-prev swiper-custom-left  et-swiper-elementor-nav type-arrow style-1\"><\/div>\n                \t\t<div class=\"swiper-button-next swiper-custom-right  et-swiper-elementor-nav type-arrow style-1\"><\/div>\n                \t\t<\/div><div class=\"clear\"><\/div><!-- slider-entry -->\t\t\t\t<\/div>\n\t\t\t\t<\/div>\n\t\t\t\t\t<\/div>\n\t\t<\/div>\n\t\t\t\t\t<\/div>\n\t\t<\/section>\n\t\t\t\t<\/div>\n\t\t","protected":false},"excerpt":{"rendered":"<p>Makale \u063a\u064a\u0631 \u0645\u0635\u0646\u0641 \u0642\u0631\u0627\u0621\u0629 \u0627\u0644\u0645\u0632\u064a\u062f \u0641\u0648\u0627\u0626\u062f \u0627\u0644\u0647\u064a\u0644 \u0641\u0628\u0631\u0627\u064a\u0631 24, 2021 0 \u0641\u0648\u0627\u0626\u062f \u0627\u0644\u0647\u064a\u0644 (\u062a\u0639\u0631\u0641 \u0623\u064a\u0636\u0627\u064b \u0628\u0627\u0644\u0647\u0627\u0644\u060c \u0627\u0644\u062d\u0628\u0647\u0627\u0646 \u0648\u0627\u0644\u0642\u0639\u0642\u0644\u0629) \u062c\u0645\u064a\u0639\u0647\u0627 \u0645\u0633\u0645\u064a\u0627\u062a \u0644\u0646\u0628\u0627\u062a&nbsp;\u0632\u0643\u064a \u0627\u0644\u0631\u0627\u0626\u062d\u0629 \u0642\u0648\u064a \u0627\u0644\u0645\u0630\u0627\u0642. \u064a\u0639\u062a\u0628\u0631 \u0645\u0646 \u0627\u063a\u0644\u0649 \u0627\u0646\u0648\u0627\u0639 \u0627\u0644\u062a\u0648\u0627\u0628\u0644 \u0641\u064a \u0627\u0644\u0639\u0627\u0644\u0645\u060c \u0645\u062a\u0639\u062f\u062f \u0627\u0644\u0627\u0633\u062a\u0639\u0645\u0627\u0644\u0627\u062a\u060c \u0645\u0646 \u0645\u0643\u0648\u0646\u0627\u062a \u0627\u0644\u0642\u0647\u0648\u0629 \u0627\u0644\u0639\u0631\u0628\u064a\u0629 \u0648\u0628\u0639\u0636 \u0627\u0644\u0623\u0637\u0639\u0645\u0629. \u0645\u0646 \u0641\u0648\u0627\u0626\u062f \u0627\u0644\u0647\u064a\u0644 \u0627\u0633\u062a\u0639\u0645\u0627\u0644\u0627\u062a\u0647 \u0627\u0644\u0639\u0644\u0627\u062c\u064a\u0629 \u0644\u0644\u0639\u062f\u064a\u062f&#8230;<\/p>\n","protected":false},"author":1,"featured_media":0,"parent":0,"menu_order":0,"comment_status":"closed","ping_status":"closed","template":"","meta":{"footnotes":""},"class_list":["post-16832","page","type-page","status-publish","hentry"],"_links":{"self":[{"href":"https:\/\/aladeeb-coffee.com\/tr\/wp-json\/wp\/v2\/pages\/16832","targetHints":{"allow":["GET"]}}],"collection":[{"href":"https:\/\/aladeeb-coffee.com\/tr\/wp-json\/wp\/v2\/pages"}],"about":[{"href":"https:\/\/aladeeb-coffee.com\/tr\/wp-json\/wp\/v2\/types\/page"}],"author":[{"embeddable":true,"href":"https:\/\/aladeeb-coffee.com\/tr\/wp-json\/wp\/v2\/users\/1"}],"replies":[{"embeddable":true,"href":"https:\/\/aladeeb-coffee.com\/tr\/wp-json\/wp\/v2\/comments?post=16832"}],"version-history":[{"count":38,"href":"https:\/\/aladeeb-coffee.com\/tr\/wp-json\/wp\/v2\/pages\/16832\/revisions"}],"predecessor-version":[{"id":20357,"href":"https:\/\/aladeeb-coffee.com\/tr\/wp-json\/wp\/v2\/pages\/16832\/revisions\/20357"}],"wp:attachment":[{"href":"https:\/\/aladeeb-coffee.com\/tr\/wp-json\/wp\/v2\/media?parent=16832"}],"curies":[{"name":"wp","href":"https:\/\/api.w.org\/{rel}","templated":true}]}}