{"id":16839,"date":"2018-08-02T15:08:01","date_gmt":"2018-08-02T15:08:01","guid":{"rendered":"https:\/\/aladeeb-coffee.com\/contact-us\/"},"modified":"2023-09-13T09:02:25","modified_gmt":"2023-09-13T06:02:25","slug":"contact-us","status":"publish","type":"page","link":"https:\/\/aladeeb-coffee.com\/tr\/contact-us\/","title":{"rendered":"\u0627\u0644\u0623\u0633\u0626\u0644\u0629 \u0627\u0644\u0634\u0627\u0626\u0639\u0629"},"content":{"rendered":"\t\t<div data-elementor-type=\"wp-page\" data-elementor-id=\"16839\" class=\"elementor elementor-16839 elementor-273\" data-elementor-post-type=\"page\">\n\t\t\t\t\t\t<section class=\"elementor-section elementor-top-section elementor-element elementor-element-b0c542b elementor-section-stretched elementor-section-height-min-height elementor-section-boxed elementor-section-height-default elementor-section-items-middle\" data-id=\"b0c542b\" data-element_type=\"section\" data-e-type=\"section\" data-settings=\"{&quot;stretch_section&quot;:&quot;section-stretched&quot;,&quot;background_background&quot;:&quot;classic&quot;}\">\n\t\t\t\t\t\t\t<div class=\"elementor-background-overlay\"><\/div>\n\t\t\t\t\t\t\t<div class=\"elementor-container elementor-column-gap-no\">\n\t\t\t\t\t<div class=\"elementor-column elementor-col-100 elementor-top-column elementor-element elementor-element-8835703\" data-id=\"8835703\" data-element_type=\"column\" data-e-type=\"column\">\n\t\t\t<div class=\"elementor-widget-wrap elementor-element-populated\">\n\t\t\t\t\t\t<div class=\"elementor-element elementor-element-4288306 elementor-widget elementor-widget-heading\" data-id=\"4288306\" data-element_type=\"widget\" data-e-type=\"widget\" data-widget_type=\"heading.default\">\n\t\t\t\t<div class=\"elementor-widget-container\">\n\t\t\t\t\t<h2 class=\"elementor-heading-title elementor-size-default\">\u0627\u0644\u0623\u0633\u0626\u0644\u0629 \u0627\u0644\u0634\u0627\u0626\u0639\u0629<\/h2>\t\t\t\t<\/div>\n\t\t\t\t<\/div>\n\t\t\t\t\t<\/div>\n\t\t<\/div>\n\t\t\t\t\t<\/div>\n\t\t<\/section>\n\t\t\t\t<section class=\"elementor-section elementor-top-section elementor-element elementor-element-551e7c9 elementor-section-boxed elementor-section-height-default elementor-section-height-default\" data-id=\"551e7c9\" data-element_type=\"section\" data-e-type=\"section\">\n\t\t\t\t\t\t<div class=\"elementor-container elementor-column-gap-default\">\n\t\t\t\t\t<div class=\"elementor-column elementor-col-100 elementor-top-column elementor-element elementor-element-7baef55\" data-id=\"7baef55\" data-element_type=\"column\" data-e-type=\"column\">\n\t\t\t<div class=\"elementor-widget-wrap elementor-element-populated\">\n\t\t\t\t\t\t<div class=\"elementor-element elementor-element-c1a5eaa elementor-widget elementor-widget-accordion\" data-id=\"c1a5eaa\" data-element_type=\"widget\" data-e-type=\"widget\" data-widget_type=\"accordion.default\">\n\t\t\t\t<div class=\"elementor-widget-container\">\n\t\t\t\t\t\t\t<div class=\"elementor-accordion\">\n\t\t\t\t\t\t\t<div class=\"elementor-accordion-item\">\n\t\t\t\t\t<div id=\"elementor-tab-title-2031\" class=\"elementor-tab-title\" data-tab=\"1\" role=\"button\" aria-controls=\"elementor-tab-content-2031\" aria-expanded=\"false\">\n\t\t\t\t\t\t\t\t\t\t\t\t\t<span class=\"elementor-accordion-icon elementor-accordion-icon-left\" aria-hidden=\"true\">\n\t\t\t\t\t\t\t\t\t\t\t\t\t\t\t<span class=\"elementor-accordion-icon-closed\"><i class=\"fas fa-chevron-down\"><\/i><\/span>\n\t\t\t\t\t\t\t\t<span class=\"elementor-accordion-icon-opened\"><i class=\"fas fa-chevron-up\"><\/i><\/span>\n\t\t\t\t\t\t\t\t\t\t\t\t\t\t<\/span>\n\t\t\t\t\t\t\t\t\t\t\t\t<a class=\"elementor-accordion-title\" tabindex=\"0\">Teslimat alanlar\u0131 nelerdir?<\/a>\n\t\t\t\t\t<\/div>\n\t\t\t\t\t<div id=\"elementor-tab-content-2031\" class=\"elementor-tab-content elementor-clearfix\" data-tab=\"1\" role=\"region\" aria-labelledby=\"elementor-tab-title-2031\"><p>T\u00fcrkiye\u2019nin belli ba\u015fl\u0131 b\u00f6lgelerine ve d\u00fcnyan\u0131n t\u00fcm \u00fclkelerine teslimat hizmeti veriyoruz,<\/p><p>Ne yaz\u0131k ki, do\u011frudan evinize teslim edemedi\u011fimiz baz\u0131 alanlar var, bu nedenle evinize teslim hizmeti sunulmamaktad\u0131r. Bu alanlar teslimat kapsam\u0131 d\u0131\u015f\u0131ndad\u0131r.<\/p><p>\u2013 Teslimat adresi aral\u0131\u011f\u0131n d\u0131\u015f\u0131nda ise siz de\u011ferli m\u00fc\u015fterilerimizden sipari\u015fi kargo firmas\u0131n\u0131n en yak\u0131n \u015fubesinden teslim alabilirsiniz.<\/p><\/div>\n\t\t\t\t<\/div>\n\t\t\t\t\t\t\t<div class=\"elementor-accordion-item\">\n\t\t\t\t\t<div id=\"elementor-tab-title-2032\" class=\"elementor-tab-title\" data-tab=\"2\" role=\"button\" aria-controls=\"elementor-tab-content-2032\" aria-expanded=\"false\">\n\t\t\t\t\t\t\t\t\t\t\t\t\t<span class=\"elementor-accordion-icon elementor-accordion-icon-left\" aria-hidden=\"true\">\n\t\t\t\t\t\t\t\t\t\t\t\t\t\t\t<span class=\"elementor-accordion-icon-closed\"><i class=\"fas fa-chevron-down\"><\/i><\/span>\n\t\t\t\t\t\t\t\t<span class=\"elementor-accordion-icon-opened\"><i class=\"fas fa-chevron-up\"><\/i><\/span>\n\t\t\t\t\t\t\t\t\t\t\t\t\t\t<\/span>\n\t\t\t\t\t\t\t\t\t\t\t\t<a class=\"elementor-accordion-title\" tabindex=\"0\">T\u00fcrkiye d\u0131\u015f\u0131nda kargo hizmetiniz var m\u0131?<\/a>\n\t\t\t\t\t<\/div>\n\t\t\t\t\t<div id=\"elementor-tab-content-2032\" class=\"elementor-tab-content elementor-clearfix\" data-tab=\"2\" role=\"region\" aria-labelledby=\"elementor-tab-title-2032\"><p>\u015eu anda T\u00fcrkiye i\u00e7inde ve d\u0131\u015f\u0131nda kargo hizmetimiz var<\/p><p>Teslimat hizmeti i\u00e7in ek \u00fccret \u00f6demem gerekiyor mu?<br \/>T\u00fcrkiye i\u00e7inde sat\u0131n alma tutar\u0131 2500 T\u00fcrk Liras\u0131 veya e\u015fde\u011feri di\u011fer para birimlerinde ise t\u00fcm sipari\u015flerde \u00fccretsiz teslimat, yurtd\u0131\u015f\u0131 nakliye ise d\u0131\u015f nakliye \u015fart ve fiyatlar\u0131na tabidir.<\/p><\/div>\n\t\t\t\t<\/div>\n\t\t\t\t\t\t\t<div class=\"elementor-accordion-item\">\n\t\t\t\t\t<div id=\"elementor-tab-title-2033\" class=\"elementor-tab-title\" data-tab=\"3\" role=\"button\" aria-controls=\"elementor-tab-content-2033\" aria-expanded=\"false\">\n\t\t\t\t\t\t\t\t\t\t\t\t\t<span class=\"elementor-accordion-icon elementor-accordion-icon-left\" aria-hidden=\"true\">\n\t\t\t\t\t\t\t\t\t\t\t\t\t\t\t<span class=\"elementor-accordion-icon-closed\"><i class=\"fas fa-chevron-down\"><\/i><\/span>\n\t\t\t\t\t\t\t\t<span class=\"elementor-accordion-icon-opened\"><i class=\"fas fa-chevron-up\"><\/i><\/span>\n\t\t\t\t\t\t\t\t\t\t\t\t\t\t<\/span>\n\t\t\t\t\t\t\t\t\t\t\t\t<a class=\"elementor-accordion-title\" tabindex=\"0\">Teslimat hizmeti i\u00e7in ek \u00fccret \u00f6demem gerekiyor mu?<\/a>\n\t\t\t\t\t<\/div>\n\t\t\t\t\t<div id=\"elementor-tab-content-2033\" class=\"elementor-tab-content elementor-clearfix\" data-tab=\"3\" role=\"region\" aria-labelledby=\"elementor-tab-title-2033\"><p>T\u00fcrkiye i\u00e7inde sat\u0131n alma tutar\u0131 450 T\u00fcrk Liras\u0131 veya e\u015fde\u011feri di\u011fer para birimlerinde ise t\u00fcm sipari\u015flerde \u00fccretsiz teslimat, yurtd\u0131\u015f\u0131 nakliye ise d\u0131\u015f nakliye \u015fart ve fiyatlar\u0131na tabidir.<\/p><\/div>\n\t\t\t\t<\/div>\n\t\t\t\t\t\t\t<div class=\"elementor-accordion-item\">\n\t\t\t\t\t<div id=\"elementor-tab-title-2034\" class=\"elementor-tab-title\" data-tab=\"4\" role=\"button\" aria-controls=\"elementor-tab-content-2034\" aria-expanded=\"false\">\n\t\t\t\t\t\t\t\t\t\t\t\t\t<span class=\"elementor-accordion-icon elementor-accordion-icon-left\" aria-hidden=\"true\">\n\t\t\t\t\t\t\t\t\t\t\t\t\t\t\t<span class=\"elementor-accordion-icon-closed\"><i class=\"fas fa-chevron-down\"><\/i><\/span>\n\t\t\t\t\t\t\t\t<span class=\"elementor-accordion-icon-opened\"><i class=\"fas fa-chevron-up\"><\/i><\/span>\n\t\t\t\t\t\t\t\t\t\t\t\t\t\t<\/span>\n\t\t\t\t\t\t\t\t\t\t\t\t<a class=\"elementor-accordion-title\" tabindex=\"0\">Teslimatta Nakit hizmeti i\u00e7in ek \u00fccret \u00f6demem gerekiyor mu?<\/a>\n\t\t\t\t\t<\/div>\n\t\t\t\t\t<div id=\"elementor-tab-content-2034\" class=\"elementor-tab-content elementor-clearfix\" data-tab=\"4\" role=\"region\" aria-labelledby=\"elementor-tab-title-2034\"><p>Al\u0131c\u0131n\u0131n teslimatta nakit \u00f6deme yapmay\u0131 se\u00e7mesi durumunda \u00fccret \u00f6demesi gerekmez.<\/p><\/div>\n\t\t\t\t<\/div>\n\t\t\t\t\t\t\t<div class=\"elementor-accordion-item\">\n\t\t\t\t\t<div id=\"elementor-tab-title-2035\" class=\"elementor-tab-title\" data-tab=\"5\" role=\"button\" aria-controls=\"elementor-tab-content-2035\" aria-expanded=\"false\">\n\t\t\t\t\t\t\t\t\t\t\t\t\t<span class=\"elementor-accordion-icon elementor-accordion-icon-left\" aria-hidden=\"true\">\n\t\t\t\t\t\t\t\t\t\t\t\t\t\t\t<span class=\"elementor-accordion-icon-closed\"><i class=\"fas fa-chevron-down\"><\/i><\/span>\n\t\t\t\t\t\t\t\t<span class=\"elementor-accordion-icon-opened\"><i class=\"fas fa-chevron-up\"><\/i><\/span>\n\t\t\t\t\t\t\t\t\t\t\t\t\t\t<\/span>\n\t\t\t\t\t\t\t\t\t\t\t\t<a class=\"elementor-accordion-title\" tabindex=\"0\">Sipari\u015fimin bana ula\u015fmas\u0131 ne kadar s\u00fcrer?<\/a>\n\t\t\t\t\t<\/div>\n\t\t\t\t\t<div id=\"elementor-tab-content-2035\" class=\"elementor-tab-content elementor-clearfix\" data-tab=\"5\" role=\"region\" aria-labelledby=\"elementor-tab-title-2035\"><p>Genellikle sevkiyat tarihinden itibaren 48 saat ile bir hafta aras\u0131nda de\u011fi\u015fen nakliye \u015firketine ba\u011fl\u0131 olarak.<\/p><\/div>\n\t\t\t\t<\/div>\n\t\t\t\t\t\t\t<div class=\"elementor-accordion-item\">\n\t\t\t\t\t<div id=\"elementor-tab-title-2036\" class=\"elementor-tab-title\" data-tab=\"6\" role=\"button\" aria-controls=\"elementor-tab-content-2036\" aria-expanded=\"false\">\n\t\t\t\t\t\t\t\t\t\t\t\t\t<span class=\"elementor-accordion-icon elementor-accordion-icon-left\" aria-hidden=\"true\">\n\t\t\t\t\t\t\t\t\t\t\t\t\t\t\t<span class=\"elementor-accordion-icon-closed\"><i class=\"fas fa-chevron-down\"><\/i><\/span>\n\t\t\t\t\t\t\t\t<span class=\"elementor-accordion-icon-opened\"><i class=\"fas fa-chevron-up\"><\/i><\/span>\n\t\t\t\t\t\t\t\t\t\t\t\t\t\t<\/span>\n\t\t\t\t\t\t\t\t\t\t\t\t<a class=\"elementor-accordion-title\" tabindex=\"0\">Sipari\u015fimin durumunu nas\u0131l takip edebilirim?<\/a>\n\t\t\t\t\t<\/div>\n\t\t\t\t\t<div id=\"elementor-tab-content-2036\" class=\"elementor-tab-content elementor-clearfix\" data-tab=\"6\" role=\"region\" aria-labelledby=\"elementor-tab-title-2036\"><p>Sipari\u015finiz kargoya verildi\u011finde, kargo detaylar\u0131n\u0131 size e-posta ile g\u00f6nderiyoruz. Bu mesaj, birka\u00e7 numaradan olu\u015fan bir dizi kon\u015fimento numaras\u0131n\u0131 i\u00e7erir, \u00f6rne\u011fin \u201c3992789952\u201d Bunu, g\u00f6nderiyi takip etmek i\u00e7in nakliye \u015firketi taraf\u0131ndan bir metin mesaj\u0131 g\u00f6nderilece\u011fi i\u00e7in kullanabilirsiniz.<\/p><p>Sipari\u015fi hen\u00fcz teslim almad\u0131m ve s\u00fcre belirtilen teslim s\u00fcresini a\u015ft\u0131, ne yapmal\u0131y\u0131m?<br \/>Bizi +905345919241 numaral\u0131 telefondan arayabilir, support@aladeeb-cooffee.com adresinden bize yazabilir veya +905345919241 numaral\u0131 telefondan WhatsApp arac\u0131l\u0131\u011f\u0131yla bizimle ileti\u015fime ge\u00e7ebilirsiniz.<\/p><\/div>\n\t\t\t\t<\/div>\n\t\t\t\t\t\t\t<div class=\"elementor-accordion-item\">\n\t\t\t\t\t<div id=\"elementor-tab-title-2037\" class=\"elementor-tab-title\" data-tab=\"7\" role=\"button\" aria-controls=\"elementor-tab-content-2037\" aria-expanded=\"false\">\n\t\t\t\t\t\t\t\t\t\t\t\t\t<span class=\"elementor-accordion-icon elementor-accordion-icon-left\" aria-hidden=\"true\">\n\t\t\t\t\t\t\t\t\t\t\t\t\t\t\t<span class=\"elementor-accordion-icon-closed\"><i class=\"fas fa-chevron-down\"><\/i><\/span>\n\t\t\t\t\t\t\t\t<span class=\"elementor-accordion-icon-opened\"><i class=\"fas fa-chevron-up\"><\/i><\/span>\n\t\t\t\t\t\t\t\t\t\t\t\t\t\t<\/span>\n\t\t\t\t\t\t\t\t\t\t\t\t<a class=\"elementor-accordion-title\" tabindex=\"0\">Ald\u0131\u011f\u0131m \u00fcr\u00fcn hasarl\u0131 veya hasarl\u0131ysa ne yapmal\u0131y\u0131m?<\/a>\n\t\t\t\t\t<\/div>\n\t\t\t\t\t<div id=\"elementor-tab-content-2037\" class=\"elementor-tab-content elementor-clearfix\" data-tab=\"7\" role=\"region\" aria-labelledby=\"elementor-tab-title-2037\"><p>Al-Adeeb ma\u011faza ekibi, \u00fcr\u00fcnlerin paketlenmesine ve g\u00f6nderilmeden \u00f6nce g\u00fcvenli\u011finin sa\u011flanmas\u0131na b\u00fcy\u00fck ilgi g\u00f6steriyor, ancak \u00fcr\u00fcn\u00fcn size hasarl\u0131 bir \u015fekilde ula\u015fmas\u0131 durumunda, l\u00fctfen bize ula\u015f\u0131n formu veya e-posta yoluyla derhal bize bildirin. Bize support@aladeeb-cooffee.com veya +905345919241 numaral\u0131 telefondan WhatsApp ile ileti\u015fime ge\u00e7ebilirsiniz.<\/p><\/div>\n\t\t\t\t<\/div>\n\t\t\t\t\t\t\t<div class=\"elementor-accordion-item\">\n\t\t\t\t\t<div id=\"elementor-tab-title-2038\" class=\"elementor-tab-title\" data-tab=\"8\" role=\"button\" aria-controls=\"elementor-tab-content-2038\" aria-expanded=\"false\">\n\t\t\t\t\t\t\t\t\t\t\t\t\t<span class=\"elementor-accordion-icon elementor-accordion-icon-left\" aria-hidden=\"true\">\n\t\t\t\t\t\t\t\t\t\t\t\t\t\t\t<span class=\"elementor-accordion-icon-closed\"><i class=\"fas fa-chevron-down\"><\/i><\/span>\n\t\t\t\t\t\t\t\t<span class=\"elementor-accordion-icon-opened\"><i class=\"fas fa-chevron-up\"><\/i><\/span>\n\t\t\t\t\t\t\t\t\t\t\t\t\t\t<\/span>\n\t\t\t\t\t\t\t\t\t\t\t\t<a class=\"elementor-accordion-title\" tabindex=\"0\">Teslimat adresimi nas\u0131l de\u011fi\u015ftiririm?<\/a>\n\t\t\t\t\t<\/div>\n\t\t\t\t\t<div id=\"elementor-tab-content-2038\" class=\"elementor-tab-content elementor-clearfix\" data-tab=\"8\" role=\"region\" aria-labelledby=\"elementor-tab-title-2038\"><p>Bize do\u011fru adresinizi bildirmek i\u00e7in bir ileti\u015fim formu doldurabilir veya support@aladeeb-cooffee.com veya +905345919241 numaral\u0131 telefondan WhatsApp ile ileti\u015fime ge\u00e7ebilirsiniz.<\/p><\/div>\n\t\t\t\t<\/div>\n\t\t\t\t\t\t\t\t<\/div>\n\t\t\t\t\t\t<\/div>\n\t\t\t\t<\/div>\n\t\t\t\t\t<\/div>\n\t\t<\/div>\n\t\t\t\t\t<\/div>\n\t\t<\/section>\n\t\t\t\t<\/div>\n\t\t","protected":false},"excerpt":{"rendered":"<p>\u0627\u0644\u0623\u0633\u0626\u0644\u0629 \u0627\u0644\u0634\u0627\u0626\u0639\u0629 Teslimat alanlar\u0131 nelerdir? T\u00fcrkiye\u2019nin belli ba\u015fl\u0131 b\u00f6lgelerine ve d\u00fcnyan\u0131n t\u00fcm \u00fclkelerine teslimat hizmeti veriyoruz, Ne yaz\u0131k ki, do\u011frudan evinize teslim edemedi\u011fimiz baz\u0131 alanlar var, bu nedenle evinize teslim hizmeti sunulmamaktad\u0131r. Bu alanlar teslimat kapsam\u0131 d\u0131\u015f\u0131ndad\u0131r. \u2013 Teslimat adresi aral\u0131\u011f\u0131n d\u0131\u015f\u0131nda ise siz de\u011ferli&#8230;<\/p>\n","protected":false},"author":1,"featured_media":0,"parent":0,"menu_order":0,"comment_status":"closed","ping_status":"closed","template":"","meta":{"footnotes":""},"class_list":["post-16839","page","type-page","status-publish","hentry"],"_links":{"self":[{"href":"https:\/\/aladeeb-coffee.com\/tr\/wp-json\/wp\/v2\/pages\/16839","targetHints":{"allow":["GET"]}}],"collection":[{"href":"https:\/\/aladeeb-coffee.com\/tr\/wp-json\/wp\/v2\/pages"}],"about":[{"href":"https:\/\/aladeeb-coffee.com\/tr\/wp-json\/wp\/v2\/types\/page"}],"author":[{"embeddable":true,"href":"https:\/\/aladeeb-coffee.com\/tr\/wp-json\/wp\/v2\/users\/1"}],"replies":[{"embeddable":true,"href":"https:\/\/aladeeb-coffee.com\/tr\/wp-json\/wp\/v2\/comments?post=16839"}],"version-history":[{"count":43,"href":"https:\/\/aladeeb-coffee.com\/tr\/wp-json\/wp\/v2\/pages\/16839\/revisions"}],"predecessor-version":[{"id":18961,"href":"https:\/\/aladeeb-coffee.com\/tr\/wp-json\/wp\/v2\/pages\/16839\/revisions\/18961"}],"wp:attachment":[{"href":"https:\/\/aladeeb-coffee.com\/tr\/wp-json\/wp\/v2\/media?parent=16839"}],"curies":[{"name":"wp","href":"https:\/\/api.w.org\/{rel}","templated":true}]}}