{"id":16845,"date":"2021-02-24T12:40:35","date_gmt":"2021-02-24T09:40:35","guid":{"rendered":"https:\/\/aladeeb-coffee.com\/%d8%a7%d9%84%d8%b4%d8%b1%d9%88%d8%b7-%d9%88%d8%a7%d9%84%d8%a3%d8%ad%d9%83%d8%a7%d9%85\/"},"modified":"2023-09-13T08:49:11","modified_gmt":"2023-09-13T05:49:11","slug":"%d8%a7%d9%84%d8%b4%d8%b1%d9%88%d8%b7-%d9%88%d8%a7%d9%84%d8%a3%d8%ad%d9%83%d8%a7%d9%85","status":"publish","type":"page","link":"https:\/\/aladeeb-coffee.com\/tr\/%d8%a7%d9%84%d8%b4%d8%b1%d9%88%d8%b7-%d9%88%d8%a7%d9%84%d8%a3%d8%ad%d9%83%d8%a7%d9%85\/","title":{"rendered":"\u015eartlar ve ko\u015fullar"},"content":{"rendered":"\n<p><p>Bin Al-Adeeb \u00e7evrimi\u00e7i ma\u011fazas\u0131 i\u00e7in \u015fartlar ve ko\u015fullar<br>Bin Al-Adeeb Store, bu h\u00fck\u00fcm ve ko\u015fullar\u0131, sitenin politikas\u0131 ve yasal uygulamalar\u0131 hakk\u0131nda sizi bilgilendirmek i\u00e7in sa\u011flar, l\u00fctfen bu web sitesini kullanmadan \u00f6nce bu h\u00fck\u00fcm ve ko\u015fullar\u0131 dikkatlice inceleyin, \u00e7\u00fcnk\u00fc bu web sitesini kullanman\u0131z, bunlara ba\u011fl\u0131 olmak i\u00e7in geri al\u0131namaz r\u0131zan\u0131z anlam\u0131na gelir. \u015eartlar ve ko\u015fullar.<\/p>\n<p>Y\u00f6netim kurallar\u0131<br>Yorumlar ve mevcut ileti\u015fim ara\u00e7lar\u0131yla ba\u015fkalar\u0131n\u0131n haklar\u0131n\u0131 a\u015fa\u011f\u0131lamamak, iftira etmemek, taciz etmemek ve haklar\u0131n\u0131 ihlal etmemek i\u00e7in ge\u00e7erli yasalar\u0131 ihlal etmemek veya ba\u015fkalar\u0131n\u0131 bunlar\u0131 ihlal etmeye te\u015fvik etmemek.<\/p>\n<p>Veri korumas\u0131<br>Bu web sitesini kulland\u0131\u011f\u0131n\u0131zda bize sa\u011flad\u0131\u011f\u0131n\u0131z herhangi bir ki\u015fisel bilgi, gizlilik politikam\u0131za g\u00f6re de\u011ferlendirilecektir.<\/p>\n<p>m\u00fclkiyet haklar\u0131<br>&#8211; \u00d6nceden a\u00e7\u0131k yaz\u0131l\u0131 izin olmaks\u0131z\u0131n bu sitedeki herhangi bir materyali k\u0131smen veya tamamen kopyalayamaz, de\u011fi\u015ftiremez, yay\u0131nlayamaz, yay\u0131nlayamaz, da\u011f\u0131tamaz, satamaz veya iletemezsiniz.Ancak, bu sitenin i\u00e7eri\u011fi indirilebilir, yazd\u0131r\u0131labilir veya kopyalanabilir. sadece ki\u015fisel kullan\u0131m i\u00e7indir. Sizin ticari de\u011filsiniz.<br>&#8211; Bu web sitesinin, telif hakk\u0131 yasalar\u0131n\u0131n, ticari marka yasalar\u0131n\u0131n, gizlilik ve reklam yasalar\u0131n\u0131n ve ileti\u015fimle ilgili temel kurallar\u0131n ve yasalar\u0131n ihlaline yol a\u00e7abilecek herhangi bir yetkisiz kullan\u0131m\u0131na izin verilmez.<\/p>\n<p>M\u00fckemmel kullan\u0131m<br>Bu siteyi, bu h\u00fck\u00fcm ve ko\u015fullara uygun olmad\u0131k\u00e7a ve T\u00fcrkiye devletinde veya bulundu\u011funuz ba\u015fka herhangi bir yarg\u0131 alan\u0131nda y\u00fcr\u00fcrl\u00fckte olan t\u00fcm yasalara, d\u00fczenlemelere ve uygulama kurallar\u0131na uygunlu\u011fu i\u00e7eren me\u015fru ve sa\u011flam ama\u00e7lar d\u0131\u015f\u0131nda kullanamazs\u0131n\u0131z. bu siteye ba\u011fl\u0131. Kimseye rastgele e-postalar g\u00f6ndermemeye ve vir\u00fcs veya ge\u00e7ersiz dosyalar i\u00e7eren dosyalar\u0131 veya ba\u015fka birinin bilgisayar i\u015fletim sistemini yok eden benzer k\u00f6t\u00fc ama\u00e7l\u0131 programlar\u0131 indirmemeye veya eklememeye ek olarak.<\/p>\n<p>Sorumluluk s\u0131n\u0131rlar\u0131<br>Bu sitenin kullan\u0131m\u0131yla ba\u011flant\u0131l\u0131 olarak veya bununla ba\u011flant\u0131l\u0131 olarak bize kar\u015f\u0131 herhangi bir dava a\u00e7ma hakk\u0131n\u0131z olmad\u0131\u011f\u0131n\u0131 ve olmayaca\u011f\u0131n\u0131 ve ayr\u0131ca materyallerin yay\u0131nlanmas\u0131 veya da\u011f\u0131t\u0131lmas\u0131 durumunda da sorumluluk ta\u015f\u0131d\u0131\u011f\u0131n\u0131z\u0131 kabul edersiniz, \u015eiddeti ve mezhep\u00e7ili\u011fi te\u015fvik eden ve dinlere sayg\u0131 g\u00f6stermeyen veya ulusal sembolleri ve sabitleri rahats\u0131z eden ba\u011flant\u0131lar, bilgiler veya g\u00f6r\u00fc\u015fler.<\/p>\n<p>Garantiden feragat<br>Bu siteyi &#8220;oldu\u011fu gibi&#8221; ve &#8220;mevcut oldu\u011fu \u015fekilde&#8221; sunuyoruz ve bu sitenin i\u00e7eri\u011finin do\u011frulu\u011funu korumaya \u00e7al\u0131\u015fmam\u0131za ra\u011fmen, bu site herhangi bir a\u00e7\u0131k, z\u0131mni, yasal garanti veya ko\u015ful veya ba\u015fka herhangi bir t\u00fcr olmadan sa\u011flanmaktad\u0131r. \u015eartname Ad, sat\u0131labilirlik, belirli bir amaca uygunluk ve ihlal etmeme gibi t\u00fcm z\u0131mni garantileri yasalar\u0131n izin verdi\u011fi azami \u00f6l\u00e7\u00fcde reddediyoruz.<\/p>\n<p>Bize zararlar\u0131 tazmin edin<br>Bizi hasarlar i\u00e7in tazmin etmeyi ve bizi t\u00fcm maliyetler, talepler, talepler, y\u00fck\u00fcml\u00fcl\u00fckler, giderler, zararlar veya kay\u0131plara kar\u015f\u0131 sigortal\u0131 tutmay\u0131 kabul edersiniz (bunlarla s\u0131n\u0131rl\u0131 olmamak \u00fczere, sonu\u00e7 olarak ortaya \u00e7\u0131kan zararlar, kar kayb\u0131 ve itibar kayb\u0131 ve t\u00fcm menfaatler, para cezalar\u0131 ortaya \u00e7\u0131kan di\u011fer yasal ve mesleki harcamalar) Bu h\u00fck\u00fcm ve ko\u015fullar\u0131 ihlalinizi bildirin veya bununla ilgili olsun.<\/p>\n<p>Di\u011fer web siteleriyle ba\u011flant\u0131 kurma<br>Sitemiz, size kolayl\u0131k sa\u011flamak i\u00e7in \u00fc\u00e7\u00fcnc\u00fc taraf web sitelerine ba\u011flant\u0131lar sa\u011flayabilir ve bu ba\u011flant\u0131lar\u0131 kullanarak sitemizden ayr\u0131lacaks\u0131n\u0131z ve sitemizin yakla\u015f\u0131m\u0131ndan farkl\u0131 olan bu siteleri veya yasal uygulamalar\u0131n\u0131 kontrol etmiyoruz ve \u00fc\u00e7\u00fcnc\u00fc taraflar\u0131 desteklemiyoruz. taraf web siteleri ne de onlar\u0131 temsil etmiyoruz ve bu h\u00fck\u00fcmler H\u00fck\u00fcmler di\u011fer web siteleri i\u00e7in ge\u00e7erli de\u011fildir ve sizi siteye girmeden \u00f6nce ba\u015fka herhangi bir web sitesinin h\u00fck\u00fcm ve ko\u015fullar\u0131n\u0131 incelemeye davet ediyoruz.<\/p>\n<p>H\u00fck\u00fcm ve ko\u015fullar\u0131n b\u00f6l\u00fcnebilirli\u011fi<br>Bu h\u00fck\u00fcm ve ko\u015fullar\u0131n herhangi bir h\u00fckm\u00fc (veya bir k\u0131sm\u0131) yasa d\u0131\u015f\u0131 ve ge\u00e7ersiz veya uygulanabilir olmayan ba\u015fka herhangi bir nedenle kabul edilirse, bu karar bu h\u00fck\u00fcm ve ko\u015fullardan ayr\u0131 bir h\u00fck\u00fcm olarak kabul edilir ve ge\u00e7erlili\u011fi ve uygulanabilirli\u011fi etkilemez. kalan h\u00fck\u00fcmlerden herhangi biri.<\/p>\n<p>De\u011fi\u015fikliklerin bildirilmesi<br>Web sitemizin h\u00fck\u00fcm ve ko\u015fullar\u0131n\u0131 \u00f6nceden haber vermeksizin herhangi bir zamanda de\u011fi\u015ftirme hakk\u0131m\u0131z\u0131 sakl\u0131 tutar\u0131z ve bu de\u011fi\u015fikliklerden sonra siteye eri\u015fiminizin devam etmesi veya siteyi kullanmaya devam etmeniz, bunlar\u0131 de\u011fi\u015ftirdikten sonra h\u00fck\u00fcm ve ko\u015fullar\u0131 kabul etti\u011finiz anlam\u0131na gelir ve h\u00fck\u00fcm ve ko\u015fullar\u0131 d\u00fczenli olarak g\u00f6zden ge\u00e7irmek sizin sorumlulu\u011funuzdad\u0131r.<\/p><\/p>\n\n\n\n<p><p>De\u011fi\u015fim ve iade politikas\u0131<br>M\u00fc\u015fterilerimizin g\u00fcvenine ve memnuniyetine duydu\u011fumuz endi\u015feden ve Bin Al-Adeeb ma\u011fazas\u0131 arac\u0131l\u0131\u011f\u0131yla \u00e7evrimi\u00e7i al\u0131\u015fveri\u015fte farkl\u0131 bir deneyim ya\u015fatmak i\u00e7in, bizden hi\u00e7bir \u00fcr\u00fcn\u00fcn, emin olduktan sonra herhangi bir m\u00fc\u015fteriye g\u00f6nderilmedi\u011fini belirtmek isteriz. y\u00fcksek kalite ve sevk\u0131yattan \u00f6nce iyi paketlenmi\u015f, ancak daha ziyade do\u011fas\u0131 izin veriyorsa denenir, Bu, s\u0131k\u0131 kontrol alt\u0131nda, \u00fcr\u00fcn\u00fcn \u00fcretim hatalar\u0131ndan ar\u0131nm\u0131\u015f olmas\u0131n\u0131 sa\u011flamak i\u00e7indir.<\/p> <p>Herhangi bir \u00fcretim hatas\u0131 durumunda Bin Al-Adeeb E-Store m\u00fc\u015fterileri, fabrika hatas\u0131 i\u00e7eren \u00fcr\u00fcn\u00fc, ko\u015fullar\u0131 kar\u015f\u0131l\u0131yorsa nakliye \u00fccreti \u00f6demeden de\u011fi\u015ftirme \/ geri alma hakk\u0131na sahiptir ve bu, sipari\u015fin al\u0131nd\u0131\u011f\u0131 tarih. Ayr\u0131ca hasarl\u0131 veya hasarl\u0131 \u00fcr\u00fcnlerin teslim al\u0131nd\u0131ktan sonra de\u011fi\u015ftirilmesi \/ geri al\u0131nmas\u0131 m\u00fcmk\u00fcn de\u011fildir.<\/p> <p>De\u011fi\u015fim ve iade ko\u015fullar\u0131: &#8211;<br>&#8211; Bir \u00fcretim hatas\u0131 veya hasarl\u0131 bir \u00fcr\u00fcn\u00fcn varl\u0131\u011f\u0131.<\/p> <p>Orijinal faturay\u0131 ekleyin.<\/p> <p>&#8211; \u00dcr\u00fcn a\u00e7\u0131lmam\u0131\u015f ve orijinal haliyle kullan\u0131lmam\u0131\u015f olmal\u0131d\u0131r.<\/p> <p>Orijinal \u00fcr\u00fcne ait t\u00fcm aksesuar ve aksesuarlar\u0131n mevcudiyeti.<\/p> <p>M\u00fc\u015fteri, Haya Al\u0131\u015fveri\u015f ma\u011faza ekibi \u00fcr\u00fcn\u00fc ald\u0131ktan ve a\u015fa\u011f\u0131daki ko\u015fullar\u0131 kar\u015f\u0131lad\u0131\u011f\u0131ndan emin olduktan sonra se\u00e7im yapma hakk\u0131na sahiptir:<br>Hasarl\u0131 \u00fcr\u00fcn\u00fc ayn\u0131 s\u0131n\u0131fta ayn\u0131 de\u011fere sahip yeni bir \u00fcr\u00fcnle de\u011fi\u015ftirin.<\/p> <p>Sizlere hizmet verebilmek i\u00e7in site \u00fczerindeki hesab\u0131n\u0131z \u00fczerinden de\u011fi\u015fim \/ iade ba\u015fvurusu yapabilir veya iade edilen \u00fcr\u00fcnler formunu doldurabilirsiniz. Size keyifli bir al\u0131\u015fveri\u015f deneyimi dileriz!<\/p> <p>Teslimat alanlar\u0131 nelerdir?<br>T\u00fcrkiye&#8217;nin belli ba\u015fl\u0131 b\u00f6lgelerine ve d\u00fcnyan\u0131n t\u00fcm \u00fclkelerine teslimat hizmeti veriyoruz,<\/p> <p>Ne yaz\u0131k ki, do\u011frudan evinize teslim edemedi\u011fimiz baz\u0131 alanlar var, bu nedenle evinize teslim hizmeti sunulmamaktad\u0131r. Bu alanlar teslimat kapsam\u0131 d\u0131\u015f\u0131ndad\u0131r.<\/p> <p>&#8211; Teslimat adresi aral\u0131\u011f\u0131n d\u0131\u015f\u0131nda ise siz de\u011ferli m\u00fc\u015fterilerimizden sipari\u015fi kargo firmas\u0131n\u0131n en yak\u0131n \u015fubesinden teslim almalar\u0131n\u0131 istememiz gerekece\u011fini de bildiririz.<\/p> <p>T\u00fcrkiye d\u0131\u015f\u0131nda kargo hizmetiniz var m\u0131?<br>\u015eu anda T\u00fcrkiye i\u00e7inde ve d\u0131\u015f\u0131nda kargo hizmetimiz var ve \u00fcr\u00fcnlerimizi in\u015fallah d\u00fcnyan\u0131n her yerine ula\u015ft\u0131rmak i\u00e7in \u00e7al\u0131\u015f\u0131yoruz.<\/p> <p>Teslimat hizmeti i\u00e7in ek \u00fccret \u00f6demem gerekiyor mu?<br>Sat\u0131n alma tutar\u0131 450 T\u00fcrk Liras\u0131 veya e\u015fde\u011feri di\u011fer para birimlerinde veya T\u00fcrkiye i\u00e7inde ise t\u00fcm sipari\u015flerde \u00fccretsiz teslimat, d\u0131\u015f nakliye ise d\u0131\u015f nakliye \u015fart ve fiyatlar\u0131na tabidir.<\/p> <p>Teslimatta Nakit hizmeti i\u00e7in ek \u00fccret \u00f6demem gerekiyor mu?<br>Al\u0131c\u0131n\u0131n teslimatta nakit \u00f6deme yapmay\u0131 se\u00e7mesi durumunda \u00fccret \u00f6demesi gerekmez.<\/p> <p>Sipari\u015fimin bana ula\u015fmas\u0131 ne kadar s\u00fcrer?<br>Genellikle sevkiyat tarihinden itibaren 48 saat ile bir hafta aras\u0131nda de\u011fi\u015fen nakliye \u015firketine ba\u011fl\u0131 olarak.<\/p> <p>Sipari\u015fimin durumunu nas\u0131l takip edebilirim?<br>Sipari\u015finiz kargoya verildi\u011finde, kargo detaylar\u0131n\u0131 size e-posta ile g\u00f6nderiyoruz. Bu mesaj, birka\u00e7 numaradan olu\u015fan bir dizi kon\u015fimento numaras\u0131n\u0131 i\u00e7erir, \u00f6rne\u011fin &#8220;3992789952&#8221; Bunu, g\u00f6nderiyi takip etmek i\u00e7in nakliye \u015firketi taraf\u0131ndan bir metin mesaj\u0131 g\u00f6nderilece\u011fi i\u00e7in kullanabilirsiniz.<\/p> <p>Sipari\u015fi hen\u00fcz teslim almad\u0131m ve s\u00fcre belirtilen teslim s\u00fcresini a\u015ft\u0131, ne yapmal\u0131y\u0131m?<br>Bizi 00905345919241 numaral\u0131 telefondan arayabilir, support@aladeeb-cooffee.com adresinden bize yazabilir veya 00905345919241 numaral\u0131 telefondan WhatsApp arac\u0131l\u0131\u011f\u0131yla bizimle ileti\u015fime ge\u00e7ebilirsiniz.<\/p> <p>Ald\u0131\u011f\u0131m \u00fcr\u00fcn hasarl\u0131 veya hasarl\u0131ysa ne yapmal\u0131y\u0131m?<br>Bin Al-Adeeb ma\u011faza ekibi, \u00fcr\u00fcnlerin paketlenmesine ve g\u00f6nderilmeden \u00f6nce g\u00fcvenli\u011finin sa\u011flanmas\u0131na b\u00fcy\u00fck ilgi g\u00f6steriyor, ancak \u00fcr\u00fcn\u00fcn size hasarl\u0131 bir \u015fekilde ula\u015fmas\u0131 durumunda, l\u00fctfen bize ula\u015f\u0131n formu veya e-posta yoluyla derhal bize bildirin. bizi burada<\/p> <p>support@aladeeb-cooffee.com veya 00905345919241 numaral\u0131 telefondan WhatsApp ile ileti\u015fime ge\u00e7in.<\/p> <p>Teslimat adresimi nas\u0131l de\u011fi\u015ftiririm?<br>Bize do\u011fru adresinizi bildirmek i\u00e7in bir ileti\u015fim formu doldurabilir veya \u015fu adresten bize yazabilirsiniz:<\/p> <p>support@aladeeb-cooffee.com veya 00905345919241 numaral\u0131 telefondan WhatsApp ile ileti\u015fime ge\u00e7in.<\/p> <p>Keyifli al\u0131\u015fveri\u015fler dileriz.<\/p><\/p>\n","protected":false},"excerpt":{"rendered":"<p>Bin Al-Adeeb \u00e7evrimi\u00e7i ma\u011fazas\u0131 i\u00e7in \u015fartlar ve ko\u015fullarBin Al-Adeeb Store, bu h\u00fck\u00fcm ve ko\u015fullar\u0131, sitenin politikas\u0131 ve yasal uygulamalar\u0131 hakk\u0131nda sizi bilgilendirmek i\u00e7in sa\u011flar, l\u00fctfen bu web sitesini kullanmadan \u00f6nce bu h\u00fck\u00fcm ve ko\u015fullar\u0131 dikkatlice inceleyin, \u00e7\u00fcnk\u00fc bu web sitesini kullanman\u0131z, bunlara ba\u011fl\u0131 olmak i\u00e7in&#8230;<\/p>\n","protected":false},"author":1,"featured_media":0,"parent":0,"menu_order":0,"comment_status":"closed","ping_status":"closed","template":"","meta":{"footnotes":""},"class_list":["post-16845","page","type-page","status-publish","hentry"],"_links":{"self":[{"href":"https:\/\/aladeeb-coffee.com\/tr\/wp-json\/wp\/v2\/pages\/16845","targetHints":{"allow":["GET"]}}],"collection":[{"href":"https:\/\/aladeeb-coffee.com\/tr\/wp-json\/wp\/v2\/pages"}],"about":[{"href":"https:\/\/aladeeb-coffee.com\/tr\/wp-json\/wp\/v2\/types\/page"}],"author":[{"embeddable":true,"href":"https:\/\/aladeeb-coffee.com\/tr\/wp-json\/wp\/v2\/users\/1"}],"replies":[{"embeddable":true,"href":"https:\/\/aladeeb-coffee.com\/tr\/wp-json\/wp\/v2\/comments?post=16845"}],"version-history":[{"count":1,"href":"https:\/\/aladeeb-coffee.com\/tr\/wp-json\/wp\/v2\/pages\/16845\/revisions"}],"predecessor-version":[{"id":18956,"href":"https:\/\/aladeeb-coffee.com\/tr\/wp-json\/wp\/v2\/pages\/16845\/revisions\/18956"}],"wp:attachment":[{"href":"https:\/\/aladeeb-coffee.com\/tr\/wp-json\/wp\/v2\/media?parent=16845"}],"curies":[{"name":"wp","href":"https:\/\/api.w.org\/{rel}","templated":true}]}}