{"id":19558,"date":"2024-01-15T11:35:59","date_gmt":"2024-01-15T08:35:59","guid":{"rendered":"https:\/\/aladeeb-coffee.com\/product\/aladeeb-200g-turk-kahvesi-200g\/"},"modified":"2026-04-16T16:05:18","modified_gmt":"2026-04-16T13:05:18","slug":"aladeeb-200g-turk-kahvesi-200g","status":"publish","type":"product","link":"https:\/\/aladeeb-coffee.com\/tr\/urun\/aladeeb-200g-turk-kahvesi-200g\/","title":{"rendered":"ALADEEB 200G T\u00dcRK KAHVES\u0130 200G"},"content":{"rendered":"<p>ALADEEB 200G T\u00dcRK KAHVES\u0130 200G <\/p>\n","protected":false},"excerpt":{"rendered":"<p>ALADEEB 200G T\u00dcRK KAHVES\u0130 200G<\/p>\n","protected":false},"featured_media":19555,"comment_status":"open","ping_status":"closed","template":"","meta":[],"product_brand":[],"product_cat":[324],"product_tag":[],"class_list":{"0":"post-19558","1":"product","2":"type-product","3":"status-publish","4":"has-post-thumbnail","6":"product_cat-kahve-tr","8":"first","9":"instock","10":"sale","11":"shipping-taxable","12":"purchasable","13":"product-type-simple"},"etheme_brands":{"errors":{"invalid_taxonomy":["S\u0131n\u0131fland\u0131rma ge\u00e7ersiz."]},"error_data":[]},"_links":{"self":[{"href":"https:\/\/aladeeb-coffee.com\/tr\/wp-json\/wp\/v2\/product\/19558","targetHints":{"allow":["GET"]}}],"collection":[{"href":"https:\/\/aladeeb-coffee.com\/tr\/wp-json\/wp\/v2\/product"}],"about":[{"href":"https:\/\/aladeeb-coffee.com\/tr\/wp-json\/wp\/v2\/types\/product"}],"replies":[{"embeddable":true,"href":"https:\/\/aladeeb-coffee.com\/tr\/wp-json\/wp\/v2\/comments?post=19558"}],"version-history":[{"count":1,"href":"https:\/\/aladeeb-coffee.com\/tr\/wp-json\/wp\/v2\/product\/19558\/revisions"}],"predecessor-version":[{"id":20095,"href":"https:\/\/aladeeb-coffee.com\/tr\/wp-json\/wp\/v2\/product\/19558\/revisions\/20095"}],"wp:featuredmedia":[{"embeddable":true,"href":"https:\/\/aladeeb-coffee.com\/tr\/wp-json\/wp\/v2\/media\/19555"}],"wp:attachment":[{"href":"https:\/\/aladeeb-coffee.com\/tr\/wp-json\/wp\/v2\/media?parent=19558"}],"wp:term":[{"taxonomy":"product_brand","embeddable":true,"href":"https:\/\/aladeeb-coffee.com\/tr\/wp-json\/wp\/v2\/product_brand?post=19558"},{"taxonomy":"product_cat","embeddable":true,"href":"https:\/\/aladeeb-coffee.com\/tr\/wp-json\/wp\/v2\/product_cat?post=19558"},{"taxonomy":"product_tag","embeddable":true,"href":"https:\/\/aladeeb-coffee.com\/tr\/wp-json\/wp\/v2\/product_tag?post=19558"}],"curies":[{"name":"wp","href":"https:\/\/api.w.org\/{rel}","templated":true}]}}