{"id":19622,"date":"2024-01-15T12:14:03","date_gmt":"2024-01-15T09:14:03","guid":{"rendered":"https:\/\/aladeeb-coffee.com\/product\/findik-aromali-kapucino-tozu-24li-x-20g\/"},"modified":"2026-04-08T14:14:25","modified_gmt":"2026-04-08T11:14:25","slug":"findik-aromali-kapucino-tozu-24li-x-20g","status":"publish","type":"product","link":"https:\/\/aladeeb-coffee.com\/tr\/urun\/findik-aromali-kapucino-tozu-24li-x-20g\/","title":{"rendered":"F\u0131nd\u0131k Aromal\u0131 Kapu\u00e7ino Tozu 24li X 20g"},"content":{"rendered":"<p>Y\u00dcKSEK KAL\u0130TEL\u0130 FINDIK AROMALI KAPU\u00c7\u0130NO \u0130\u00d6ECEK TOZU 24L\u0130 X 20G<\/p>\n","protected":false},"excerpt":{"rendered":"<p>Y\u00dcKSEK KAL\u0130TEL\u0130 FINDIK AROMALI KAPU\u00c7\u0130NO \u0130\u00d6ECEK TOZU 24L\u0130 X 20G<\/p>\n","protected":false},"featured_media":19613,"comment_status":"open","ping_status":"closed","template":"","meta":[],"product_brand":[],"product_cat":[317],"product_tag":[],"class_list":{"0":"post-19622","1":"product","2":"type-product","3":"status-publish","4":"has-post-thumbnail","6":"product_cat---tr","8":"first","9":"instock","10":"sale","11":"shipping-taxable","12":"purchasable","13":"product-type-simple"},"etheme_brands":{"errors":{"invalid_taxonomy":["S\u0131n\u0131fland\u0131rma ge\u00e7ersiz."]},"error_data":[]},"_links":{"self":[{"href":"https:\/\/aladeeb-coffee.com\/tr\/wp-json\/wp\/v2\/product\/19622","targetHints":{"allow":["GET"]}}],"collection":[{"href":"https:\/\/aladeeb-coffee.com\/tr\/wp-json\/wp\/v2\/product"}],"about":[{"href":"https:\/\/aladeeb-coffee.com\/tr\/wp-json\/wp\/v2\/types\/product"}],"replies":[{"embeddable":true,"href":"https:\/\/aladeeb-coffee.com\/tr\/wp-json\/wp\/v2\/comments?post=19622"}],"version-history":[{"count":1,"href":"https:\/\/aladeeb-coffee.com\/tr\/wp-json\/wp\/v2\/product\/19622\/revisions"}],"predecessor-version":[{"id":19665,"href":"https:\/\/aladeeb-coffee.com\/tr\/wp-json\/wp\/v2\/product\/19622\/revisions\/19665"}],"wp:featuredmedia":[{"embeddable":true,"href":"https:\/\/aladeeb-coffee.com\/tr\/wp-json\/wp\/v2\/media\/19613"}],"wp:attachment":[{"href":"https:\/\/aladeeb-coffee.com\/tr\/wp-json\/wp\/v2\/media?parent=19622"}],"wp:term":[{"taxonomy":"product_brand","embeddable":true,"href":"https:\/\/aladeeb-coffee.com\/tr\/wp-json\/wp\/v2\/product_brand?post=19622"},{"taxonomy":"product_cat","embeddable":true,"href":"https:\/\/aladeeb-coffee.com\/tr\/wp-json\/wp\/v2\/product_cat?post=19622"},{"taxonomy":"product_tag","embeddable":true,"href":"https:\/\/aladeeb-coffee.com\/tr\/wp-json\/wp\/v2\/product_tag?post=19622"}],"curies":[{"name":"wp","href":"https:\/\/api.w.org\/{rel}","templated":true}]}}