{"id":19636,"date":"2024-01-15T12:15:14","date_gmt":"2024-01-15T09:15:14","guid":{"rendered":"https:\/\/aladeeb-coffee.com\/product\/tarcinli-salep-icecek-tozu-24lu-x-17g\/"},"modified":"2026-04-16T16:51:11","modified_gmt":"2026-04-16T13:51:11","slug":"tarcinli-salep-icecek-tozu-24lu-x-17g","status":"publish","type":"product","link":"https:\/\/aladeeb-coffee.com\/tr\/urun\/tarcinli-salep-icecek-tozu-24lu-x-17g\/","title":{"rendered":"Tar\u00e7\u0131nl\u0131 Salep Tozu 24\u2019l\u00fc Paket Haz\u0131r Tek \u0130\u00e7imlik K\u0131\u015f \u0130\u00e7ece\u011fi 17 gr x 24&#8217;l\u00fc"},"content":{"rendered":"<p>Salep Tar\u00e7\u0131nl\u0131 24\u2019l\u00fc Paket Haz\u0131r Tek \u0130\u00e7imlik K\u0131\u015f \u0130\u00e7ece\u011fi Sahlep 17 gr x 24&#8217;l\u00fcALADEEB Tar\u00e7\u0131nl\u0131 Salep Tozu, tar\u00e7\u0131n aromal\u0131, pratik tek i\u00e7imlik paketleriyle kolay haz\u0131rlanan s\u0131cak k\u0131\u015f i\u00e7ece\u011fidir.\u00dcR\u00dcN A\u00c7IKLAMASI :ALADEEB Tar\u00e7\u0131nl\u0131 Salep Tozu 24\u2019l\u00fc PaketALADEEB Tar\u00e7\u0131nl\u0131 Salep Tozu, geleneksel salep lezzetinden ilham al\u0131narak haz\u0131rlanm\u0131\u015f, pratik ve kolay haz\u0131rlanabilen bir k\u0131\u015f i\u00e7ece\u011fidir. Tek i\u00e7imlik po\u015fet formu sayesinde \u00f6l\u00e7\u00fc gerektirmeden, k\u0131sa s\u00fcrede ideal k\u0131vamda salep haz\u0131rlaman\u0131za yard\u0131mc\u0131 olur.Tar\u00e7\u0131n aromas\u0131 ile dengelenmi\u015f tat profili, s\u0131cak s\u00fct veya su ile kar\u0131\u015ft\u0131r\u0131ld\u0131\u011f\u0131nda homojen bir yap\u0131 sa\u011flar. Evde, ofiste ve toplu t\u00fcketim alanlar\u0131nda kullan\u0131m i\u00e7in uygundur.NEDEN ALADEEB TAR\u00c7INLI SALEP?Tar\u00e7\u0131n aromal\u0131 s\u0131cak k\u0131\u015f i\u00e7ece\u011fiTek i\u00e7imlik 17 g pratik po\u015fetler24\u2019l\u00fc ekonomik paketKolay ve h\u0131zl\u0131 haz\u0131rlan\u0131\u015fG\u00fcnl\u00fck t\u00fcketime uygun form\u00fclasyon\u00dcR\u00dcN DETAYLARIMarka: ALADEEB\u00dcr\u00fcn Ad\u0131: Tar\u00e7\u0131nl\u0131 Salep \u0130\u00e7ecek TozuPaket \u0130\u00e7eri\u011fi: 24 Adet Tek \u0130\u00e7imlik Po\u015fetNet Miktar (1 Adet): 17 gToplam Net Miktar: 408 g\u0130\u00c7\u0130NDEK\u0130LER :Ya\u011fs\u0131z s\u00fct tozu, ni\u015fasta, \u015feker, tar\u00e7\u0131n, aroma vericiler, stabiliz\u00f6rler (dipotasyum fosfat, trisodyum sitrat, sodyum polifosfat), k\u0131vam artt\u0131r\u0131c\u0131 (ksantan gam), topaklanmay\u0131 \u00f6nleyici (silikon dioksit), tuz.T\u00fcrk G\u0131da Kodeksi\u2019ne uygundur.Alerjen Uyar\u0131s\u0131: S\u00fct ve s\u00fct \u00fcr\u00fcnleri i\u00e7erir.HAZIRLANI\u015e \u00d6NER\u0130S\u01301 po\u015feti fincana bo\u015falt\u0131n.\u00dczerine s\u0131cak s\u00fct veya s\u0131cak su ekleyin.Kar\u0131\u015ft\u0131rarak s\u0131cak servis edin.SAKLAMA KO\u015eULLARISerin, kuru ve g\u00fcne\u015f \u0131\u015f\u0131\u011f\u0131ndan uzak ortamda muhafaza ediniz. Nemden koruyunuz.Haz\u0131r salep, tar\u00e7\u0131nl\u0131 salep, salep tozu, tek i\u00e7imlik salep, 24\u2019l\u00fc salep, s\u0131cak i\u00e7ecek, k\u0131\u015f i\u00e7ece\u011fi, pratik salep, ALADEEB salep, tar\u00e7\u0131nl\u0131 s\u0131cak i\u00e7ecek.<\/p>\n","protected":false},"excerpt":{"rendered":"<p>Salep Tar\u00e7\u0131nl\u0131 24\u2019l\u00fc Paket Haz\u0131r Tek \u0130\u00e7imlik K\u0131\u015f \u0130\u00e7ece\u011fi Sahlep 17 gr x 24&#8217;l\u00fcALADEEB Tar\u00e7\u0131nl\u0131 Salep Tozu, tar\u00e7\u0131n aromal\u0131, pratik tek i\u00e7imlik paketleriyle kolay haz\u0131rlanan s\u0131cak k\u0131\u015f i\u00e7ece\u011fidir.\u00dcR\u00dcN A\u00c7IKLAMASI :ALADEEB Tar\u00e7\u0131nl\u0131 Salep Tozu 24\u2019l\u00fc PaketALADEEB Tar\u00e7\u0131nl\u0131 Salep Tozu, geleneksel salep lezzetinden ilham al\u0131narak haz\u0131rlanm\u0131\u015f, pratik&#8230;<\/p>\n","protected":false},"featured_media":19627,"comment_status":"open","ping_status":"closed","template":"","meta":[],"product_brand":[],"product_cat":[317],"product_tag":[],"class_list":{"0":"post-19636","1":"product","2":"type-product","3":"status-publish","4":"has-post-thumbnail","6":"product_cat---tr","8":"first","9":"instock","10":"sale","11":"shipping-taxable","12":"purchasable","13":"product-type-simple"},"etheme_brands":{"errors":{"invalid_taxonomy":["S\u0131n\u0131fland\u0131rma ge\u00e7ersiz."]},"error_data":[]},"_links":{"self":[{"href":"https:\/\/aladeeb-coffee.com\/tr\/wp-json\/wp\/v2\/product\/19636","targetHints":{"allow":["GET"]}}],"collection":[{"href":"https:\/\/aladeeb-coffee.com\/tr\/wp-json\/wp\/v2\/product"}],"about":[{"href":"https:\/\/aladeeb-coffee.com\/tr\/wp-json\/wp\/v2\/types\/product"}],"replies":[{"embeddable":true,"href":"https:\/\/aladeeb-coffee.com\/tr\/wp-json\/wp\/v2\/comments?post=19636"}],"version-history":[{"count":3,"href":"https:\/\/aladeeb-coffee.com\/tr\/wp-json\/wp\/v2\/product\/19636\/revisions"}],"predecessor-version":[{"id":23054,"href":"https:\/\/aladeeb-coffee.com\/tr\/wp-json\/wp\/v2\/product\/19636\/revisions\/23054"}],"wp:featuredmedia":[{"embeddable":true,"href":"https:\/\/aladeeb-coffee.com\/tr\/wp-json\/wp\/v2\/media\/19627"}],"wp:attachment":[{"href":"https:\/\/aladeeb-coffee.com\/tr\/wp-json\/wp\/v2\/media?parent=19636"}],"wp:term":[{"taxonomy":"product_brand","embeddable":true,"href":"https:\/\/aladeeb-coffee.com\/tr\/wp-json\/wp\/v2\/product_brand?post=19636"},{"taxonomy":"product_cat","embeddable":true,"href":"https:\/\/aladeeb-coffee.com\/tr\/wp-json\/wp\/v2\/product_cat?post=19636"},{"taxonomy":"product_tag","embeddable":true,"href":"https:\/\/aladeeb-coffee.com\/tr\/wp-json\/wp\/v2\/product_tag?post=19636"}],"curies":[{"name":"wp","href":"https:\/\/api.w.org\/{rel}","templated":true}]}}