{"id":19646,"date":"2024-01-15T12:18:00","date_gmt":"2024-01-15T09:18:00","guid":{"rendered":"https:\/\/aladeeb-coffee.com\/product\/hazir-kalsik-kapucino-tozu-24x20g\/"},"modified":"2026-04-22T14:38:19","modified_gmt":"2026-04-22T11:38:19","slug":"hazir-kalsik-kapucino-tozu-24x20g","status":"publish","type":"product","link":"https:\/\/aladeeb-coffee.com\/tr\/urun\/hazir-kalsik-kapucino-tozu-24x20g\/","title":{"rendered":"HAZIR KALS\u0130K KAPU\u00c7\u0130NO TOZU 24X20G"},"content":{"rendered":"<p>HAZIR KALS\u0130K KAPU\u00c7\u0130NO TOZU 24X20G <\/p>\n","protected":false},"excerpt":{"rendered":"<p>HAZIR KALS\u0130K KAPU\u00c7\u0130NO TOZU 24X20G<\/p>\n","protected":false},"featured_media":19704,"comment_status":"open","ping_status":"closed","template":"","meta":[],"product_brand":[],"product_cat":[317],"product_tag":[],"class_list":{"0":"post-19646","1":"product","2":"type-product","3":"status-publish","4":"has-post-thumbnail","6":"product_cat---tr","8":"first","9":"instock","10":"sale","11":"shipping-taxable","12":"purchasable","13":"product-type-simple"},"etheme_brands":{"errors":{"invalid_taxonomy":["S\u0131n\u0131fland\u0131rma ge\u00e7ersiz."]},"error_data":[]},"_links":{"self":[{"href":"https:\/\/aladeeb-coffee.com\/tr\/wp-json\/wp\/v2\/product\/19646","targetHints":{"allow":["GET"]}}],"collection":[{"href":"https:\/\/aladeeb-coffee.com\/tr\/wp-json\/wp\/v2\/product"}],"about":[{"href":"https:\/\/aladeeb-coffee.com\/tr\/wp-json\/wp\/v2\/types\/product"}],"replies":[{"embeddable":true,"href":"https:\/\/aladeeb-coffee.com\/tr\/wp-json\/wp\/v2\/comments?post=19646"}],"version-history":[{"count":1,"href":"https:\/\/aladeeb-coffee.com\/tr\/wp-json\/wp\/v2\/product\/19646\/revisions"}],"predecessor-version":[{"id":20076,"href":"https:\/\/aladeeb-coffee.com\/tr\/wp-json\/wp\/v2\/product\/19646\/revisions\/20076"}],"wp:featuredmedia":[{"embeddable":true,"href":"https:\/\/aladeeb-coffee.com\/tr\/wp-json\/wp\/v2\/media\/19704"}],"wp:attachment":[{"href":"https:\/\/aladeeb-coffee.com\/tr\/wp-json\/wp\/v2\/media?parent=19646"}],"wp:term":[{"taxonomy":"product_brand","embeddable":true,"href":"https:\/\/aladeeb-coffee.com\/tr\/wp-json\/wp\/v2\/product_brand?post=19646"},{"taxonomy":"product_cat","embeddable":true,"href":"https:\/\/aladeeb-coffee.com\/tr\/wp-json\/wp\/v2\/product_cat?post=19646"},{"taxonomy":"product_tag","embeddable":true,"href":"https:\/\/aladeeb-coffee.com\/tr\/wp-json\/wp\/v2\/product_tag?post=19646"}],"curies":[{"name":"wp","href":"https:\/\/api.w.org\/{rel}","templated":true}]}}