{"id":19775,"date":"2024-01-15T13:42:38","date_gmt":"2024-01-15T10:42:38","guid":{"rendered":"https:\/\/aladeeb-coffee.com\/product\/aladeeb-kakao-tozu-200g\/"},"modified":"2026-04-06T21:31:19","modified_gmt":"2026-04-06T18:31:19","slug":"aladeeb-kakao-tozu-200g","status":"publish","type":"product","link":"https:\/\/aladeeb-coffee.com\/tr\/urun\/aladeeb-kakao-tozu-200g\/","title":{"rendered":"ALADEEB KAKAO TOZU 200G"},"content":{"rendered":"<p>ALADEEB KAKAO TOZU 200G <\/p>\n","protected":false},"excerpt":{"rendered":"<p>ALADEEB KAKAO TOZU 200G<\/p>\n","protected":false},"featured_media":20673,"comment_status":"open","ping_status":"closed","template":"","meta":[],"product_brand":[],"product_cat":[317],"product_tag":[],"class_list":{"0":"post-19775","1":"product","2":"type-product","3":"status-publish","4":"has-post-thumbnail","6":"product_cat---tr","8":"first","9":"instock","10":"sale","11":"featured","12":"shipping-taxable","13":"purchasable","14":"product-type-simple"},"etheme_brands":{"errors":{"invalid_taxonomy":["S\u0131n\u0131fland\u0131rma ge\u00e7ersiz."]},"error_data":[]},"_links":{"self":[{"href":"https:\/\/aladeeb-coffee.com\/tr\/wp-json\/wp\/v2\/product\/19775","targetHints":{"allow":["GET"]}}],"collection":[{"href":"https:\/\/aladeeb-coffee.com\/tr\/wp-json\/wp\/v2\/product"}],"about":[{"href":"https:\/\/aladeeb-coffee.com\/tr\/wp-json\/wp\/v2\/types\/product"}],"replies":[{"embeddable":true,"href":"https:\/\/aladeeb-coffee.com\/tr\/wp-json\/wp\/v2\/comments?post=19775"}],"version-history":[{"count":4,"href":"https:\/\/aladeeb-coffee.com\/tr\/wp-json\/wp\/v2\/product\/19775\/revisions"}],"predecessor-version":[{"id":20676,"href":"https:\/\/aladeeb-coffee.com\/tr\/wp-json\/wp\/v2\/product\/19775\/revisions\/20676"}],"wp:featuredmedia":[{"embeddable":true,"href":"https:\/\/aladeeb-coffee.com\/tr\/wp-json\/wp\/v2\/media\/20673"}],"wp:attachment":[{"href":"https:\/\/aladeeb-coffee.com\/tr\/wp-json\/wp\/v2\/media?parent=19775"}],"wp:term":[{"taxonomy":"product_brand","embeddable":true,"href":"https:\/\/aladeeb-coffee.com\/tr\/wp-json\/wp\/v2\/product_brand?post=19775"},{"taxonomy":"product_cat","embeddable":true,"href":"https:\/\/aladeeb-coffee.com\/tr\/wp-json\/wp\/v2\/product_cat?post=19775"},{"taxonomy":"product_tag","embeddable":true,"href":"https:\/\/aladeeb-coffee.com\/tr\/wp-json\/wp\/v2\/product_tag?post=19775"}],"curies":[{"name":"wp","href":"https:\/\/api.w.org\/{rel}","templated":true}]}}