{"id":20426,"date":"2024-01-17T15:58:31","date_gmt":"2024-01-17T12:58:31","guid":{"rendered":"https:\/\/aladeeb-coffee.com\/product\/4-lu-karisik-kuruyemis-500-gram\/"},"modified":"2026-04-16T16:47:41","modified_gmt":"2026-04-16T13:47:41","slug":"4-lu-karisik-kuruyemis-500-gram","status":"publish","type":"product","link":"https:\/\/aladeeb-coffee.com\/tr\/urun\/4-lu-karisik-kuruyemis-500-gram\/","title":{"rendered":"F\u0131nd\u0131k Siirt F\u0131st\u0131\u011f\u0131 Badem Kaju 4\u2019l\u00fc Kar\u0131\u015f\u0131k Kuruyemi\u015f 500g Az Tuzlu Kavrulmu\u015f"},"content":{"rendered":"<p>ALADEEB 4\u2019l\u00fc Kar\u0131\u015f\u0131k Kuruyemi\u015f 500g \u2013 Siirt F\u0131st\u0131\u011f\u0131, Badem, Kaju, F\u0131nd\u0131k | Az Tuzlu Kavrulmu\u015fSiirt f\u0131st\u0131\u011f\u0131, badem, kaju ve f\u0131nd\u0131\u011f\u0131n dengeli kar\u0131\u015f\u0131m\u0131ndan olu\u015fur.Az tuzlu ve kontroll\u00fc kavrulmu\u015f yap\u0131s\u0131 sayesinde a\u011f\u0131r olmayan, keyifli bir t\u00fcketim sunar.\u0130ri taneli yap\u0131s\u0131 ve homojen kar\u0131\u015f\u0131m\u0131 ile her pakette standart kalite sa\u011flar.\u2714 4 \u00e7e\u015fit zengin kar\u0131\u015f\u0131m\u2714 Az tuzlu \u2013 dengeli lezzet\u2714 \u0130ri ve se\u00e7ilmi\u015f taneler\u2714 G\u00fcnl\u00fck taze \u00fcretim\u0130\u00e7inde neler var?\u2192 Siirt f\u0131st\u0131\u011f\u0131, badem, kaju ve f\u0131nd\u0131k bulunmaktad\u0131rYer f\u0131st\u0131\u011f\u0131 var m\u0131?\u2192 Hay\u0131r, yer f\u0131st\u0131\u011f\u0131 i\u00e7ermezTuzlu mu?\u2192 Az tuzludur, yo\u011fun tuzlu de\u011fildir<\/p>\n","protected":false},"excerpt":{"rendered":"<p>ALADEEB 4\u2019l\u00fc Kar\u0131\u015f\u0131k Kuruyemi\u015f 500g \u2013 Siirt F\u0131st\u0131\u011f\u0131, Badem, Kaju, F\u0131nd\u0131k | Az Tuzlu Kavrulmu\u015fSiirt f\u0131st\u0131\u011f\u0131, badem, kaju ve f\u0131nd\u0131\u011f\u0131n dengeli kar\u0131\u015f\u0131m\u0131ndan olu\u015fur.Az tuzlu ve kontroll\u00fc kavrulmu\u015f yap\u0131s\u0131 sayesinde a\u011f\u0131r olmayan, keyifli bir t\u00fcketim sunar.\u0130ri taneli yap\u0131s\u0131 ve homojen kar\u0131\u015f\u0131m\u0131 ile her pakette standart kalite&#8230;<\/p>\n","protected":false},"featured_media":23170,"comment_status":"open","ping_status":"closed","template":"","meta":[],"product_brand":[],"product_cat":[352],"product_tag":[314],"class_list":{"0":"post-20426","1":"product","2":"type-product","3":"status-publish","4":"has-post-thumbnail","6":"product_cat-kuru-yemis","7":"product_tag--tr","9":"first","10":"instock","11":"sale","12":"shipping-taxable","13":"purchasable","14":"product-type-simple"},"etheme_brands":{"errors":{"invalid_taxonomy":["S\u0131n\u0131fland\u0131rma ge\u00e7ersiz."]},"error_data":[]},"_links":{"self":[{"href":"https:\/\/aladeeb-coffee.com\/tr\/wp-json\/wp\/v2\/product\/20426","targetHints":{"allow":["GET"]}}],"collection":[{"href":"https:\/\/aladeeb-coffee.com\/tr\/wp-json\/wp\/v2\/product"}],"about":[{"href":"https:\/\/aladeeb-coffee.com\/tr\/wp-json\/wp\/v2\/types\/product"}],"replies":[{"embeddable":true,"href":"https:\/\/aladeeb-coffee.com\/tr\/wp-json\/wp\/v2\/comments?post=20426"}],"version-history":[{"count":5,"href":"https:\/\/aladeeb-coffee.com\/tr\/wp-json\/wp\/v2\/product\/20426\/revisions"}],"predecessor-version":[{"id":23191,"href":"https:\/\/aladeeb-coffee.com\/tr\/wp-json\/wp\/v2\/product\/20426\/revisions\/23191"}],"wp:featuredmedia":[{"embeddable":true,"href":"https:\/\/aladeeb-coffee.com\/tr\/wp-json\/wp\/v2\/media\/23170"}],"wp:attachment":[{"href":"https:\/\/aladeeb-coffee.com\/tr\/wp-json\/wp\/v2\/media?parent=20426"}],"wp:term":[{"taxonomy":"product_brand","embeddable":true,"href":"https:\/\/aladeeb-coffee.com\/tr\/wp-json\/wp\/v2\/product_brand?post=20426"},{"taxonomy":"product_cat","embeddable":true,"href":"https:\/\/aladeeb-coffee.com\/tr\/wp-json\/wp\/v2\/product_cat?post=20426"},{"taxonomy":"product_tag","embeddable":true,"href":"https:\/\/aladeeb-coffee.com\/tr\/wp-json\/wp\/v2\/product_tag?post=20426"}],"curies":[{"name":"wp","href":"https:\/\/api.w.org\/{rel}","templated":true}]}}