{"id":20526,"date":"2024-01-18T09:03:49","date_gmt":"2024-01-18T06:03:49","guid":{"rendered":"https:\/\/aladeeb-coffee.com\/product\/soslu-cips-fistigi-500gram\/"},"modified":"2026-04-16T16:28:57","modified_gmt":"2026-04-16T13:28:57","slug":"soslu-cips-fistigi-500gram","status":"publish","type":"product","link":"https:\/\/aladeeb-coffee.com\/tr\/urun\/soslu-cips-fistigi-500gram\/","title":{"rendered":"Soslu Cips F\u0131st\u0131k 500 gr"},"content":{"rendered":"<p>ALADEEB Soslu Cips F\u0131st\u0131\u011f\u0131 500 g | Baharatl\u0131 Cips Kaplamal\u0131 At\u0131\u015ft\u0131rmal\u0131k | \u00c7\u0131t\u0131r At\u0131\u015ft\u0131rmal\u0131k\u2705 KISA \u00dcR\u00dcN \u00d6ZET\u0130 ALADEEB Soslu Cips F\u0131st\u0131\u011f\u0131 500 g, cips kaplamal\u0131 d\u0131\u015f y\u00fczeyiyle baharatl\u0131, \u00e7\u0131t\u0131r ve lezzetli bir at\u0131\u015ft\u0131rmal\u0131k deneyimi sunar. \u0130\u00e7inde taze yer f\u0131st\u0131\u011f\u0131, d\u0131\u015f kaplamas\u0131nda ise baharatl\u0131 sos ve cips dokusu bulunur. Me\u015frubat ve film keyfi i\u00e7in ideal, pratik 500 g paket. Gaziantep \u00fcretimi ve g\u00fcvenilir kalite.\u2705 \u00dcR\u00dcN A\u00c7IKLAMASI :ALADEEB Soslu Cips F\u0131st\u0131\u011f\u0131 500 g, \u201ccips mi yesem, f\u0131st\u0131k m\u0131?\u201d ikilemini tek pakette \u00e7\u00f6zen baharatl\u0131 ve \u00e7\u0131t\u0131r at\u0131\u015ft\u0131rmal\u0131k \u00fcr\u00fcn\u00fcd\u00fcr. \u0130\u00e7inde kaliteli yer f\u0131st\u0131\u011f\u0131 bulunan bu \u00fcr\u00fcn, d\u0131\u015f y\u00fczeyinde \u00f6zel cips kaplamas\u0131 ve baharatl\u0131 sos ile kaplan\u0131r. Kaplaman\u0131n \u00e7\u0131t\u0131rl\u0131\u011f\u0131 ve f\u0131st\u0131\u011f\u0131n doyurucu tad\u0131 bir araya gelerek farkl\u0131 bir lezzet deneyimi olu\u015fturur.\u00dcr\u00fcn \u00d6zellikleri:Cips kaplamal\u0131 d\u0131\u015f y\u00fczey: Baharatl\u0131 ve \u00e7\u0131t\u0131r dokuBaharatl\u0131 ve hafif ac\u0131 aromal\u0131 lezzet500 g pratik paket: Evde, ofiste, yolculukta idealMe\u015frubat dostu: So\u011fuk i\u00e7eceklerle uyumluTaze ve k\u0131t\u0131r: \u00dcretimden sonra h\u0131zl\u0131 paketlemeGaziantep \u00fcretimi: Yerel lezzet ve kaliteNas\u0131l T\u00fcketilir?Film geceleri ve arkada\u015f bulu\u015fmalar\u0131 i\u00e7in ideal\u00c7ay ve so\u011fuk i\u00e7eceklerin yan\u0131nda keyifli e\u015flik\u00e7iAt\u0131\u015ft\u0131rmal\u0131k ihtiyac\u0131n\u0131z\u0131 h\u0131zl\u0131 ve lezzetli \u015fekilde kar\u015f\u0131larG\u00fcvenli \u00dcretim ve Paketleme:\u00dcr\u00fcn\u00fcm\u00fcz g\u0131da i\u015fletmesi kay\u0131t numaras\u0131 TR-27-K-008941 ile \u00fcretim yapan tesislerde haz\u0131rlan\u0131r. 500 g\u2019l\u0131k paketle, tazeli\u011fi korunacak \u015fekilde sevk edilir.\u2705 TEKN\u0130K B\u0130LG\u0130LER \u200b\u00a0\u00a0\u00a0\u00a0<\/p>\n","protected":false},"excerpt":{"rendered":"<p>ALADEEB Soslu Cips F\u0131st\u0131\u011f\u0131 500 g | Baharatl\u0131 Cips Kaplamal\u0131 At\u0131\u015ft\u0131rmal\u0131k | \u00c7\u0131t\u0131r At\u0131\u015ft\u0131rmal\u0131k\u2705 KISA \u00dcR\u00dcN \u00d6ZET\u0130 ALADEEB Soslu Cips F\u0131st\u0131\u011f\u0131 500 g, cips kaplamal\u0131 d\u0131\u015f y\u00fczeyiyle baharatl\u0131, \u00e7\u0131t\u0131r ve lezzetli bir at\u0131\u015ft\u0131rmal\u0131k deneyimi sunar. \u0130\u00e7inde taze yer f\u0131st\u0131\u011f\u0131, d\u0131\u015f kaplamas\u0131nda ise baharatl\u0131 sos ve&#8230;<\/p>\n","protected":false},"featured_media":22270,"comment_status":"open","ping_status":"closed","template":"","meta":[],"product_brand":[],"product_cat":[352],"product_tag":[314],"class_list":{"0":"post-20526","1":"product","2":"type-product","3":"status-publish","4":"has-post-thumbnail","6":"product_cat-kuru-yemis","7":"product_tag--tr","9":"first","10":"instock","11":"sale","12":"shipping-taxable","13":"purchasable","14":"product-type-simple"},"etheme_brands":{"errors":{"invalid_taxonomy":["S\u0131n\u0131fland\u0131rma ge\u00e7ersiz."]},"error_data":[]},"_links":{"self":[{"href":"https:\/\/aladeeb-coffee.com\/tr\/wp-json\/wp\/v2\/product\/20526","targetHints":{"allow":["GET"]}}],"collection":[{"href":"https:\/\/aladeeb-coffee.com\/tr\/wp-json\/wp\/v2\/product"}],"about":[{"href":"https:\/\/aladeeb-coffee.com\/tr\/wp-json\/wp\/v2\/types\/product"}],"replies":[{"embeddable":true,"href":"https:\/\/aladeeb-coffee.com\/tr\/wp-json\/wp\/v2\/comments?post=20526"}],"version-history":[{"count":3,"href":"https:\/\/aladeeb-coffee.com\/tr\/wp-json\/wp\/v2\/product\/20526\/revisions"}],"predecessor-version":[{"id":23052,"href":"https:\/\/aladeeb-coffee.com\/tr\/wp-json\/wp\/v2\/product\/20526\/revisions\/23052"}],"wp:featuredmedia":[{"embeddable":true,"href":"https:\/\/aladeeb-coffee.com\/tr\/wp-json\/wp\/v2\/media\/22270"}],"wp:attachment":[{"href":"https:\/\/aladeeb-coffee.com\/tr\/wp-json\/wp\/v2\/media?parent=20526"}],"wp:term":[{"taxonomy":"product_brand","embeddable":true,"href":"https:\/\/aladeeb-coffee.com\/tr\/wp-json\/wp\/v2\/product_brand?post=20526"},{"taxonomy":"product_cat","embeddable":true,"href":"https:\/\/aladeeb-coffee.com\/tr\/wp-json\/wp\/v2\/product_cat?post=20526"},{"taxonomy":"product_tag","embeddable":true,"href":"https:\/\/aladeeb-coffee.com\/tr\/wp-json\/wp\/v2\/product_tag?post=20526"}],"curies":[{"name":"wp","href":"https:\/\/api.w.org\/{rel}","templated":true}]}}