{"id":20650,"date":"2024-01-18T12:18:14","date_gmt":"2024-01-18T09:18:14","guid":{"rendered":"https:\/\/aladeeb-coffee.com\/product\/3-lu-karisik-kuruyemis-500-gram\/"},"modified":"2026-04-16T16:45:20","modified_gmt":"2026-04-16T13:45:20","slug":"3-lu-karisik-kuruyemis-500-gram","status":"publish","type":"product","link":"https:\/\/aladeeb-coffee.com\/tr\/urun\/3-lu-karisik-kuruyemis-500-gram\/","title":{"rendered":"F\u0131st\u0131k Badem Kaju 3\u2019l\u00fc Dengeli Kar\u0131\u015f\u0131k Kuruyemi\u015f 500g Taze Kavrulmu\u015f"},"content":{"rendered":"<p>ALADEEB 3\u2019l\u00fc Kar\u0131\u015f\u0131k Kuruyemi\u015f 500g \u2013 Taze Kavrulmu\u015f F\u0131st\u0131k, Badem, Kaju | Dengeli Kar\u0131\u015f\u0131mTaze kavrulmu\u015f f\u0131st\u0131k, badem ve kajudan olu\u015fan dengeli kar\u0131\u015f\u0131m.G\u00fcnl\u00fck t\u00fcketim i\u00e7in uygun, a\u011f\u0131r olmayan ve keyifli bir at\u0131\u015ft\u0131rmal\u0131kt\u0131r.\u00dcr\u00fcn Gaziantep\u2019te \u00fcretilir ve tazelik \u00f6n planda tutulur.Kar\u0131\u015f\u0131m oran\u0131 dengeli oldu\u011fu i\u00e7in tek \u00fcr\u00fcn bask\u0131n gelmez.\u2714 Dengeli kar\u0131\u015f\u0131m \u2013 her \u00fcr\u00fcnden ideal oran\u2714 Taze \u00fcretim \u2013 h\u0131zl\u0131 stok d\u00f6n\u00fc\u015f\u00fc\u2714 500g paket \u2013 fiyat\/performans\u2714 G\u00fcnl\u00fck t\u00fcketim \u2013 yormayan lezzet\ud83d\udfe2 SORU-CEVAP ENTEGRASYONU \u00dcr\u00fcn men\u015fei nedir?\u2192 T\u00fcrkiye, Gaziantep \u00fcretim\u00dcr\u00fcn taze mi?\u2192 Evet, taze \u00fcretim ve h\u0131zl\u0131 stok d\u00f6n\u00fc\u015f\u00fc\u0130\u00e7indekiler neler?\u2192 F\u0131st\u0131k, badem, kaju\u00a0<\/p>\n","protected":false},"excerpt":{"rendered":"<p>ALADEEB 3\u2019l\u00fc Kar\u0131\u015f\u0131k Kuruyemi\u015f 500g \u2013 Taze Kavrulmu\u015f F\u0131st\u0131k, Badem, Kaju | Dengeli Kar\u0131\u015f\u0131mTaze kavrulmu\u015f f\u0131st\u0131k, badem ve kajudan olu\u015fan dengeli kar\u0131\u015f\u0131m.G\u00fcnl\u00fck t\u00fcketim i\u00e7in uygun, a\u011f\u0131r olmayan ve keyifli bir at\u0131\u015ft\u0131rmal\u0131kt\u0131r.\u00dcr\u00fcn Gaziantep\u2019te \u00fcretilir ve tazelik \u00f6n planda tutulur.Kar\u0131\u015f\u0131m oran\u0131 dengeli oldu\u011fu i\u00e7in tek \u00fcr\u00fcn bask\u0131n&#8230;<\/p>\n","protected":false},"featured_media":23126,"comment_status":"open","ping_status":"closed","template":"","meta":[],"product_brand":[],"product_cat":[352],"product_tag":[],"class_list":{"0":"post-20650","1":"product","2":"type-product","3":"status-publish","4":"has-post-thumbnail","6":"product_cat-kuru-yemis","8":"first","9":"instock","10":"sale","11":"shipping-taxable","12":"purchasable","13":"product-type-simple"},"etheme_brands":{"errors":{"invalid_taxonomy":["S\u0131n\u0131fland\u0131rma ge\u00e7ersiz."]},"error_data":[]},"_links":{"self":[{"href":"https:\/\/aladeeb-coffee.com\/tr\/wp-json\/wp\/v2\/product\/20650","targetHints":{"allow":["GET"]}}],"collection":[{"href":"https:\/\/aladeeb-coffee.com\/tr\/wp-json\/wp\/v2\/product"}],"about":[{"href":"https:\/\/aladeeb-coffee.com\/tr\/wp-json\/wp\/v2\/types\/product"}],"replies":[{"embeddable":true,"href":"https:\/\/aladeeb-coffee.com\/tr\/wp-json\/wp\/v2\/comments?post=20650"}],"version-history":[{"count":4,"href":"https:\/\/aladeeb-coffee.com\/tr\/wp-json\/wp\/v2\/product\/20650\/revisions"}],"predecessor-version":[{"id":23332,"href":"https:\/\/aladeeb-coffee.com\/tr\/wp-json\/wp\/v2\/product\/20650\/revisions\/23332"}],"wp:featuredmedia":[{"embeddable":true,"href":"https:\/\/aladeeb-coffee.com\/tr\/wp-json\/wp\/v2\/media\/23126"}],"wp:attachment":[{"href":"https:\/\/aladeeb-coffee.com\/tr\/wp-json\/wp\/v2\/media?parent=20650"}],"wp:term":[{"taxonomy":"product_brand","embeddable":true,"href":"https:\/\/aladeeb-coffee.com\/tr\/wp-json\/wp\/v2\/product_brand?post=20650"},{"taxonomy":"product_cat","embeddable":true,"href":"https:\/\/aladeeb-coffee.com\/tr\/wp-json\/wp\/v2\/product_cat?post=20650"},{"taxonomy":"product_tag","embeddable":true,"href":"https:\/\/aladeeb-coffee.com\/tr\/wp-json\/wp\/v2\/product_tag?post=20650"}],"curies":[{"name":"wp","href":"https:\/\/api.w.org\/{rel}","templated":true}]}}