{"id":20813,"date":"2024-03-09T15:57:18","date_gmt":"2024-03-09T12:57:18","guid":{"rendered":"https:\/\/aladeeb-coffee.com\/product\/sumak-tozu-50-gram\/"},"modified":"2026-04-11T09:43:50","modified_gmt":"2026-04-11T06:43:50","slug":"sumak-tozu-50-gram","status":"publish","type":"product","link":"https:\/\/aladeeb-coffee.com\/tr\/urun\/sumak-tozu-50-gram\/","title":{"rendered":"Sumak Tozu  50 gram"},"content":{"rendered":"<p>Sumak Tozu\u00a0 50 gram<\/p>\n","protected":false},"excerpt":{"rendered":"<p>Sumak Tozu\u00a0 50 gram<\/p>\n","protected":false},"featured_media":20810,"comment_status":"open","ping_status":"closed","template":"","meta":[],"product_brand":[],"product_cat":[356],"product_tag":[],"class_list":{"0":"post-20813","1":"product","2":"type-product","3":"status-publish","4":"has-post-thumbnail","6":"product_cat-baharatlar","8":"first","9":"outofstock","10":"sale","11":"shipping-taxable","12":"purchasable","13":"product-type-simple"},"etheme_brands":{"errors":{"invalid_taxonomy":["S\u0131n\u0131fland\u0131rma ge\u00e7ersiz."]},"error_data":[]},"_links":{"self":[{"href":"https:\/\/aladeeb-coffee.com\/tr\/wp-json\/wp\/v2\/product\/20813","targetHints":{"allow":["GET"]}}],"collection":[{"href":"https:\/\/aladeeb-coffee.com\/tr\/wp-json\/wp\/v2\/product"}],"about":[{"href":"https:\/\/aladeeb-coffee.com\/tr\/wp-json\/wp\/v2\/types\/product"}],"replies":[{"embeddable":true,"href":"https:\/\/aladeeb-coffee.com\/tr\/wp-json\/wp\/v2\/comments?post=20813"}],"version-history":[{"count":1,"href":"https:\/\/aladeeb-coffee.com\/tr\/wp-json\/wp\/v2\/product\/20813\/revisions"}],"predecessor-version":[{"id":20859,"href":"https:\/\/aladeeb-coffee.com\/tr\/wp-json\/wp\/v2\/product\/20813\/revisions\/20859"}],"wp:featuredmedia":[{"embeddable":true,"href":"https:\/\/aladeeb-coffee.com\/tr\/wp-json\/wp\/v2\/media\/20810"}],"wp:attachment":[{"href":"https:\/\/aladeeb-coffee.com\/tr\/wp-json\/wp\/v2\/media?parent=20813"}],"wp:term":[{"taxonomy":"product_brand","embeddable":true,"href":"https:\/\/aladeeb-coffee.com\/tr\/wp-json\/wp\/v2\/product_brand?post=20813"},{"taxonomy":"product_cat","embeddable":true,"href":"https:\/\/aladeeb-coffee.com\/tr\/wp-json\/wp\/v2\/product_cat?post=20813"},{"taxonomy":"product_tag","embeddable":true,"href":"https:\/\/aladeeb-coffee.com\/tr\/wp-json\/wp\/v2\/product_tag?post=20813"}],"curies":[{"name":"wp","href":"https:\/\/api.w.org\/{rel}","templated":true}]}}