{"id":21151,"date":"2024-08-30T19:46:30","date_gmt":"2024-08-30T16:46:30","guid":{"rendered":"https:\/\/aladeeb-coffee.com\/product\/kurutulmus-limon-lime-tane-50-gram\/"},"modified":"2026-04-06T01:27:38","modified_gmt":"2026-04-05T22:27:38","slug":"kurutulmus-limon-lime-tane-50-gram","status":"publish","type":"product","link":"https:\/\/aladeeb-coffee.com\/tr\/urun\/kurutulmus-limon-lime-tane-50-gram\/","title":{"rendered":"Kurutulmu\u015f Limon Tane 50 Gr C Vitamini Katk\u0131s\u0131z Organik"},"content":{"rendered":"<p><!--td {border: 1px solid #cccccc;}br {mso-data-placement:same-cell;}-->Kurutulmu\u015f Limon Tane 50 Gr C Vitamini Katk\u0131s\u0131z OrganikAladeeb Do\u011fal Kurutulmu\u015f B\u00fct\u00fcn Limon (Lime) Tane \u2013 50 g Premium\ud83c\udf3f \u00dcr\u00fcn A\u00e7\u0131klamas\u0131Aladeeb Kurutulmu\u015f B\u00fct\u00fcn Limon (Lime) \u2013 Do\u011fal Aromas\u0131yla Yemeklerinize ve \u00c7aylar\u0131n\u0131za Ferahl\u0131k KatarAladeeb olarak en kaliteli lime (b\u00fct\u00fcn limon) meyvelerini \u00f6zenle se\u00e7iyor, hijyenik ko\u015fullarda kurutarak sizlere do\u011fal, katk\u0131s\u0131z ve aromas\u0131 yo\u011fun bir \u00fcr\u00fcn sunuyoruz.Kurutulmu\u015f b\u00fct\u00fcn limon; \u00e7ay, kahve, so\u011fuk i\u00e7ecekler, kokteyller, et yemekleri, pilavlar ve soslarda benzersiz bir tat ve ferahl\u0131k sa\u011flar.\ud83d\udd39 Neden Aladeeb Kurutulmu\u015f B\u00fct\u00fcn Limon?%100 do\u011fal, koruyucu ve katk\u0131 maddesi i\u00e7ermezY\u00fcksek aromal\u0131, premium kalite limeUzun s\u00fcre dayan\u0131r, bozulmaz, tad\u0131n\u0131 kaybetmezHem i\u00e7eceklerde hem de yemeklerde geni\u015f kullan\u0131m alan\u0131Yo\u011fun ferahlat\u0131c\u0131 limon kokusu ve lezzeti\u2b50 Kullan\u0131m Alanlar\u0131Bitki \u00e7aylar\u0131Detoks sular\u0131So\u011fuk i\u00e7ecekler, me\u015frubatlar ve kokteyllerEt ve tavuk yemekleriPilav ve soslarRe\u00e7el ve tatl\u0131 aromaland\u0131rma\ud83d\udce6 Paket \u0130\u00e7eri\u011fi50 Gram Kurutulmu\u015f B\u00fct\u00fcn Limon (Lime) \u2013 Tane\ud83e\uddff Saklama Ko\u015fullar\u0131Serin ve kuru yerde, g\u00fcne\u015f almayan ortamda muhafaza ediniz. Uzun s\u00fcre tazeli\u011fini korur.kurutulmu\u015f limondried lime wholedried lemonkurutulmu\u015f b\u00fct\u00fcn limondo\u011fal kurutulmu\u015f limetane limon kurusulime kurusuyemeklik limon kurusu\u00e7ay i\u00e7in limon kurusuaromatik limon tanesido\u011fal limon kurusukatk\u0131s\u0131z limon kurusupremium kurutulmu\u015f lime<\/p>\n","protected":false},"excerpt":{"rendered":"<p>Kurutulmu\u015f Limon Tane 50 Gr C Vitamini Katk\u0131s\u0131z OrganikAladeeb Do\u011fal Kurutulmu\u015f B\u00fct\u00fcn Limon (Lime) Tane \u2013 50 g Premium\ud83c\udf3f \u00dcr\u00fcn A\u00e7\u0131klamas\u0131Aladeeb Kurutulmu\u015f B\u00fct\u00fcn Limon (Lime) \u2013 Do\u011fal Aromas\u0131yla Yemeklerinize ve \u00c7aylar\u0131n\u0131za Ferahl\u0131k KatarAladeeb olarak en kaliteli lime (b\u00fct\u00fcn limon) meyvelerini \u00f6zenle se\u00e7iyor, hijyenik ko\u015fullarda kurutarak&#8230;<\/p>\n","protected":false},"featured_media":21148,"comment_status":"open","ping_status":"closed","template":"","meta":[],"product_brand":[],"product_cat":[356],"product_tag":[],"class_list":{"0":"post-21151","1":"product","2":"type-product","3":"status-publish","4":"has-post-thumbnail","6":"product_cat-baharatlar","8":"first","9":"instock","10":"sale","11":"shipping-taxable","12":"purchasable","13":"product-type-simple"},"etheme_brands":{"errors":{"invalid_taxonomy":["S\u0131n\u0131fland\u0131rma ge\u00e7ersiz."]},"error_data":[]},"_links":{"self":[{"href":"https:\/\/aladeeb-coffee.com\/tr\/wp-json\/wp\/v2\/product\/21151","targetHints":{"allow":["GET"]}}],"collection":[{"href":"https:\/\/aladeeb-coffee.com\/tr\/wp-json\/wp\/v2\/product"}],"about":[{"href":"https:\/\/aladeeb-coffee.com\/tr\/wp-json\/wp\/v2\/types\/product"}],"replies":[{"embeddable":true,"href":"https:\/\/aladeeb-coffee.com\/tr\/wp-json\/wp\/v2\/comments?post=21151"}],"version-history":[{"count":3,"href":"https:\/\/aladeeb-coffee.com\/tr\/wp-json\/wp\/v2\/product\/21151\/revisions"}],"predecessor-version":[{"id":22788,"href":"https:\/\/aladeeb-coffee.com\/tr\/wp-json\/wp\/v2\/product\/21151\/revisions\/22788"}],"wp:featuredmedia":[{"embeddable":true,"href":"https:\/\/aladeeb-coffee.com\/tr\/wp-json\/wp\/v2\/media\/21148"}],"wp:attachment":[{"href":"https:\/\/aladeeb-coffee.com\/tr\/wp-json\/wp\/v2\/media?parent=21151"}],"wp:term":[{"taxonomy":"product_brand","embeddable":true,"href":"https:\/\/aladeeb-coffee.com\/tr\/wp-json\/wp\/v2\/product_brand?post=21151"},{"taxonomy":"product_cat","embeddable":true,"href":"https:\/\/aladeeb-coffee.com\/tr\/wp-json\/wp\/v2\/product_cat?post=21151"},{"taxonomy":"product_tag","embeddable":true,"href":"https:\/\/aladeeb-coffee.com\/tr\/wp-json\/wp\/v2\/product_tag?post=21151"}],"curies":[{"name":"wp","href":"https:\/\/api.w.org\/{rel}","templated":true}]}}