{"id":21287,"date":"2025-11-27T09:45:49","date_gmt":"2025-11-27T06:45:49","guid":{"rendered":"https:\/\/aladeeb-coffee.com\/product\/cozunebilir-hazir-kakuleli-mirra-kahvesi-50-gr\/"},"modified":"2026-04-16T16:02:55","modified_gmt":"2026-04-16T13:02:55","slug":"cozunebilir-hazir-kakuleli-mirra-kahvesi-50-gr","status":"publish","type":"product","link":"https:\/\/aladeeb-coffee.com\/tr\/urun\/cozunebilir-hazir-kakuleli-mirra-kahvesi-50-gr\/","title":{"rendered":"\u00c7\u00f6z\u00fcnebilir Haz\u0131r Kakuleli M\u0131rra Kahvesi 50gr X1Adet"},"content":{"rendered":"<p>\u00c7\u00f6z\u00fcnebilir Haz\u0131r Kakuleli M\u0131rra Kahvesi 50gr X1Adet &#8211; Geleneksel Ac\u0131 AromaYo\u011fun Aromal\u0131 Geleneksel Lezzet: Haz\u0131r Kakuleli M\u0131rra KahvesiGeleneksel m\u0131rra kahvesinin ac\u0131 ve sert i\u00e7im karakteri, en pratik haliyle sizinle. \u00d6zenle harmanlanm\u0131\u015f \u00e7ekilmi\u015f kahvelerimiz ve kakule, size Ortado\u011fu&#8217;nun kadim misafirperverlik k\u00fclt\u00fcr\u00fcn\u00fc bir fincanla evinizde ya\u015fat\u0131yor. M\u0131rra; Arap\u00e7a &#8216;ac\u0131&#8217; anlam\u0131na gelen &#8216;mur&#8217; kelimesinden t\u00fcremi\u015f, birka\u00e7 kez demlenerek haz\u0131rlanan, kendine has bir kahvedir .Paket i\u00e7eri\u011fi: Tek bir adet 50 gr \u00fcr\u00fcn g\u00f6nderilmektedir.\ud83c\udfaf \u00d6ne \u00c7\u0131kan \u00d6zellikler:Geleneksel Sert \u0130\u00e7im:Birka\u00e7 kez demlenmi\u015f kahveden gelen yo\u011fun, ac\u0131 ve karakteristik m\u0131rra tad\u0131 .Kakuleli \u00d6zel Harman:Ac\u0131y\u0131 dengeleyen, aromatik bir derinlik katan kakule ile zenginle\u015ftirilmi\u015f lezzet.Pratik Haz\u0131rl\u0131k:Geleneksel lezzeti, uzun haz\u0131rl\u0131k s\u00fcreleri beklemeden evde veya ofiste kolayca deneyimleyin.\ud83d\udc51 Kimler \u0130\u00e7in?*\u00a0\u00a0 Geleneksel, ac\u0131 ve yo\u011fun kahve sevenler .*\u00a0\u00a0 S\u0131ra gecelerinin vazge\u00e7ilmez lezzetini arayanlar .*\u00a0\u00a0 Kal\u0131c\u0131 aroma ve sert kahve deneyimi arayanlar.\ud83e\udd44 Nas\u0131l Haz\u0131rlan\u0131r?1.\u00a0 Ambalaj\u0131n i\u00e7eri\u011fini bir litre so\u011fuk suyun i\u00e7ine ekleyin.2.\u00a0 Tercihinize g\u00f6re ek kakule ilave ederek, k\u0131s\u0131k ate\u015fte kaynat\u0131n.3.\u00a0 En iyi k\u0131vam ve aromay\u0131 yakalamak i\u00e7in, demlenmesi i\u00e7in s\u00fcrahiyi 5 dakika kapal\u0131 tutun.4.\u00a0 Geleneksel olarak k\u00fc\u00e7\u00fck fincanlarda servis edin ve lezzetin keyfini \u00e7\u0131kar\u0131n .\u2139\ufe0f Teknik Detaylar\u0130\u00e7indekiler:\u00c7\u00f6z\u00fcnebilir Haz\u0131r Kahve, Kakule, Aroma Verici.Net Miktar:50 gr.\u00d6nemli Not:Serin ve kuru yerde muhafaza ediniz. Paket a\u00e7\u0131ld\u0131ktan sonra 3 ay i\u00e7inde t\u00fcketilmesi \u00f6nerilir .m\u0131rra kahvesi, haz\u0131r m\u0131rra, kakuleli kahve, ac\u0131 kahve, geleneksel kahve.T\u00fcrk kahvesi, Arap kahvesi, sert kahve, yo\u011fun aroma, hediyelik kahve.&#8221;<\/p>\n","protected":false},"excerpt":{"rendered":"<p>\u00c7\u00f6z\u00fcnebilir Haz\u0131r Kakuleli M\u0131rra Kahvesi 50gr X1Adet &#8211; Geleneksel Ac\u0131 AromaYo\u011fun Aromal\u0131 Geleneksel Lezzet: Haz\u0131r Kakuleli M\u0131rra KahvesiGeleneksel m\u0131rra kahvesinin ac\u0131 ve sert i\u00e7im karakteri, en pratik haliyle sizinle. \u00d6zenle harmanlanm\u0131\u015f \u00e7ekilmi\u015f kahvelerimiz ve kakule, size Ortado\u011fu&#8217;nun kadim misafirperverlik k\u00fclt\u00fcr\u00fcn\u00fc bir fincanla evinizde ya\u015fat\u0131yor. M\u0131rra;&#8230;<\/p>\n","protected":false},"featured_media":21296,"comment_status":"open","ping_status":"closed","template":"","meta":[],"product_brand":[],"product_cat":[347],"product_tag":[],"class_list":{"0":"post-21287","1":"product","2":"type-product","3":"status-publish","4":"has-post-thumbnail","6":"product_cat-hicbiri","8":"first","9":"instock","10":"sale","11":"shipping-taxable","12":"purchasable","13":"product-type-simple"},"etheme_brands":{"errors":{"invalid_taxonomy":["S\u0131n\u0131fland\u0131rma ge\u00e7ersiz."]},"error_data":[]},"_links":{"self":[{"href":"https:\/\/aladeeb-coffee.com\/tr\/wp-json\/wp\/v2\/product\/21287","targetHints":{"allow":["GET"]}}],"collection":[{"href":"https:\/\/aladeeb-coffee.com\/tr\/wp-json\/wp\/v2\/product"}],"about":[{"href":"https:\/\/aladeeb-coffee.com\/tr\/wp-json\/wp\/v2\/types\/product"}],"replies":[{"embeddable":true,"href":"https:\/\/aladeeb-coffee.com\/tr\/wp-json\/wp\/v2\/comments?post=21287"}],"version-history":[{"count":4,"href":"https:\/\/aladeeb-coffee.com\/tr\/wp-json\/wp\/v2\/product\/21287\/revisions"}],"predecessor-version":[{"id":22785,"href":"https:\/\/aladeeb-coffee.com\/tr\/wp-json\/wp\/v2\/product\/21287\/revisions\/22785"}],"wp:featuredmedia":[{"embeddable":true,"href":"https:\/\/aladeeb-coffee.com\/tr\/wp-json\/wp\/v2\/media\/21296"}],"wp:attachment":[{"href":"https:\/\/aladeeb-coffee.com\/tr\/wp-json\/wp\/v2\/media?parent=21287"}],"wp:term":[{"taxonomy":"product_brand","embeddable":true,"href":"https:\/\/aladeeb-coffee.com\/tr\/wp-json\/wp\/v2\/product_brand?post=21287"},{"taxonomy":"product_cat","embeddable":true,"href":"https:\/\/aladeeb-coffee.com\/tr\/wp-json\/wp\/v2\/product_cat?post=21287"},{"taxonomy":"product_tag","embeddable":true,"href":"https:\/\/aladeeb-coffee.com\/tr\/wp-json\/wp\/v2\/product_tag?post=21287"}],"curies":[{"name":"wp","href":"https:\/\/api.w.org\/{rel}","templated":true}]}}