{"id":21306,"date":"2025-12-10T10:42:30","date_gmt":"2025-12-10T07:42:30","guid":{"rendered":"https:\/\/aladeeb-coffee.com\/product\/aladeeb-kahvesi-200g-luks-turk-kahvesi\/"},"modified":"2026-04-16T16:07:26","modified_gmt":"2026-04-16T13:07:26","slug":"aladeeb-kahvesi-200g-luks-turk-kahvesi","status":"publish","type":"product","link":"https:\/\/aladeeb-coffee.com\/tr\/urun\/aladeeb-kahvesi-200g-luks-turk-kahvesi\/","title":{"rendered":"ALADEEB KAHVES\u0130 200G L\u00dcKS T\u00dcRK KAHVES\u0130"},"content":{"rendered":"<p>ALADEEB KAHVES\u0130 200G L\u00dcKS T\u00dcRK KAHVES\u0130\u00a0<\/p>\n","protected":false},"excerpt":{"rendered":"<p>ALADEEB KAHVES\u0130 200G L\u00dcKS T\u00dcRK KAHVES\u0130\u00a0<\/p>\n","protected":false},"featured_media":21303,"comment_status":"open","ping_status":"closed","template":"","meta":[],"product_brand":[],"product_cat":[347],"product_tag":[],"class_list":{"0":"post-21306","1":"product","2":"type-product","3":"status-publish","4":"has-post-thumbnail","6":"product_cat-hicbiri","8":"first","9":"instock","10":"sale","11":"shipping-taxable","12":"purchasable","13":"product-type-simple"},"etheme_brands":{"errors":{"invalid_taxonomy":["S\u0131n\u0131fland\u0131rma ge\u00e7ersiz."]},"error_data":[]},"_links":{"self":[{"href":"https:\/\/aladeeb-coffee.com\/tr\/wp-json\/wp\/v2\/product\/21306","targetHints":{"allow":["GET"]}}],"collection":[{"href":"https:\/\/aladeeb-coffee.com\/tr\/wp-json\/wp\/v2\/product"}],"about":[{"href":"https:\/\/aladeeb-coffee.com\/tr\/wp-json\/wp\/v2\/types\/product"}],"replies":[{"embeddable":true,"href":"https:\/\/aladeeb-coffee.com\/tr\/wp-json\/wp\/v2\/comments?post=21306"}],"version-history":[{"count":2,"href":"https:\/\/aladeeb-coffee.com\/tr\/wp-json\/wp\/v2\/product\/21306\/revisions"}],"predecessor-version":[{"id":23327,"href":"https:\/\/aladeeb-coffee.com\/tr\/wp-json\/wp\/v2\/product\/21306\/revisions\/23327"}],"wp:featuredmedia":[{"embeddable":true,"href":"https:\/\/aladeeb-coffee.com\/tr\/wp-json\/wp\/v2\/media\/21303"}],"wp:attachment":[{"href":"https:\/\/aladeeb-coffee.com\/tr\/wp-json\/wp\/v2\/media?parent=21306"}],"wp:term":[{"taxonomy":"product_brand","embeddable":true,"href":"https:\/\/aladeeb-coffee.com\/tr\/wp-json\/wp\/v2\/product_brand?post=21306"},{"taxonomy":"product_cat","embeddable":true,"href":"https:\/\/aladeeb-coffee.com\/tr\/wp-json\/wp\/v2\/product_cat?post=21306"},{"taxonomy":"product_tag","embeddable":true,"href":"https:\/\/aladeeb-coffee.com\/tr\/wp-json\/wp\/v2\/product_tag?post=21306"}],"curies":[{"name":"wp","href":"https:\/\/api.w.org\/{rel}","templated":true}]}}