{"id":21409,"date":"2025-12-26T17:17:07","date_gmt":"2025-12-26T14:17:07","guid":{"rendered":"https:\/\/aladeeb-coffee.com\/?post_type=product&#038;p=21409"},"modified":"2026-04-16T16:15:27","modified_gmt":"2026-04-16T13:15:27","slug":"kahvaltilik-zahter-2li-set-1-kg-500-g-x-2","status":"publish","type":"product","link":"https:\/\/aladeeb-coffee.com\/tr\/urun\/kahvaltilik-zahter-2li-set-1-kg-500-g-x-2\/","title":{"rendered":"Kahvalt\u0131l\u0131k Zahter 2\u2019li Set 1 KG 500 g x 2 (SUMAKLI)"},"content":{"rendered":"<p>Geleneksel Lezzet: Sumakl\u0131 Kahvalt\u0131l\u0131k Zahter 2\u2019li Avantaj Paketi (1 KG)G\u00fcneydo\u011fu Anadolu mutfa\u011f\u0131n\u0131n \u015fifa dolu, i\u015ftah a\u00e7an en \u00f6zel lezzeti Kahvalt\u0131l\u0131k Zahter, \u015fimdi avantajl\u0131 2\u2019li set se\u00e7ene\u011fiyle sofralar\u0131n\u0131za konuk oluyor. Her biri 500 graml\u0131k \u00f6zel paketlerde haz\u0131rlanan toplam 1 kg zahter, tazeli\u011fini korumas\u0131 i\u00e7in \u00f6zenle paketlenmi\u015ftir.\u00a0Neden Bu Seti Tercih Etmelisiniz?Katk\u0131s\u0131z ve Do\u011fal:\u0130\u00e7eri\u011finde hi\u00e7bir koruyucu, renklendirici veya yapay aroma bulunmaz. Sadece do\u011fadan gelen bitkiler ve baharatlar\u0131n kar\u0131\u015f\u0131m\u0131d\u0131r.Taze \u00c7ekim:\u00dcr\u00fcnlerimiz stokta bekletilmez; en taze haliyle paketlenerek aromas\u0131 korunur.Ekonomik Boy:1 KG\u2019l\u0131k set se\u00e7ene\u011fi ile hem mutfak ekonominize katk\u0131 sa\u011flar hem de bu e\u015fsiz lezzetin uzun s\u00fcre elinizin alt\u0131nda olmas\u0131n\u0131 sa\u011flar.\u00a0Zahter \u0130\u00e7eri\u011finde Neler Var?\u00d6zel form\u00fcl\u00fcm\u00fczle haz\u0131rlanan kar\u0131\u015f\u0131m\u0131m\u0131zda; yabani kekik (zahter), kavrulmu\u015f leblebi, menengi\u00e7, susam, karpuz \u00e7ekirde\u011fi, kavun \u00e7ekirde\u011fi, bu\u011fday, rezene, ki\u015fni\u015f, sumak ve \u00f6zel baharat kar\u0131\u015f\u0131mlar\u0131 yer al\u0131r.\u00a0Nas\u0131l T\u00fcketilir?Bir kaseye s\u0131zma zeytinya\u011f\u0131, di\u011fer kaseye ise Kahvalt\u0131l\u0131k Zahter koyun. Ekme\u011finizi \u00f6nce zeytinya\u011f\u0131na, ard\u0131ndan zahtere banarak bu geleneksel \u015f\u00f6lenin tad\u0131n\u0131 \u00e7\u0131kar\u0131n. Ayr\u0131ca po\u011fa\u00e7a ve kurabiye hamurlar\u0131na ekleyerek farkl\u0131 aromalar yaratabilirsiniz.Teknik \u00d6zellikler:\u00d6zellikDetay:Toplam A\u011f\u0131rl\u0131k :1 KGPaket :\u0130\u00e7eri\u011fi 2 Adet x 500 g\u0130\u00e7erik :Bitkisel Kar\u0131\u015f\u0131m (Do\u011fal Baharatlar)Saklama Ko\u015fulu:Serin, kuru ve \u0131\u015f\u0131k almayan yerde muhafaza ediniz.\u00a0<\/p>\n","protected":false},"excerpt":{"rendered":"<p>Geleneksel Lezzet: Sumakl\u0131 Kahvalt\u0131l\u0131k Zahter 2\u2019li Avantaj Paketi (1 KG)G\u00fcneydo\u011fu Anadolu mutfa\u011f\u0131n\u0131n \u015fifa dolu, i\u015ftah a\u00e7an en \u00f6zel lezzeti Kahvalt\u0131l\u0131k Zahter, \u015fimdi avantajl\u0131 2\u2019li set se\u00e7ene\u011fiyle sofralar\u0131n\u0131za konuk oluyor. Her biri 500 graml\u0131k \u00f6zel paketlerde haz\u0131rlanan toplam 1 kg zahter, tazeli\u011fini korumas\u0131 i\u00e7in \u00f6zenle paketlenmi\u015ftir.\u00a0Neden&#8230;<\/p>\n","protected":false},"featured_media":21394,"comment_status":"open","ping_status":"closed","template":"","meta":[],"product_brand":[],"product_cat":[347],"product_tag":[],"class_list":{"0":"post-21409","1":"product","2":"type-product","3":"status-publish","4":"has-post-thumbnail","6":"product_cat-hicbiri","8":"first","9":"instock","10":"sale","11":"shipping-taxable","12":"purchasable","13":"product-type-simple"},"etheme_brands":{"errors":{"invalid_taxonomy":["S\u0131n\u0131fland\u0131rma ge\u00e7ersiz."]},"error_data":[]},"_links":{"self":[{"href":"https:\/\/aladeeb-coffee.com\/tr\/wp-json\/wp\/v2\/product\/21409","targetHints":{"allow":["GET"]}}],"collection":[{"href":"https:\/\/aladeeb-coffee.com\/tr\/wp-json\/wp\/v2\/product"}],"about":[{"href":"https:\/\/aladeeb-coffee.com\/tr\/wp-json\/wp\/v2\/types\/product"}],"replies":[{"embeddable":true,"href":"https:\/\/aladeeb-coffee.com\/tr\/wp-json\/wp\/v2\/comments?post=21409"}],"version-history":[{"count":3,"href":"https:\/\/aladeeb-coffee.com\/tr\/wp-json\/wp\/v2\/product\/21409\/revisions"}],"predecessor-version":[{"id":22781,"href":"https:\/\/aladeeb-coffee.com\/tr\/wp-json\/wp\/v2\/product\/21409\/revisions\/22781"}],"wp:featuredmedia":[{"embeddable":true,"href":"https:\/\/aladeeb-coffee.com\/tr\/wp-json\/wp\/v2\/media\/21394"}],"wp:attachment":[{"href":"https:\/\/aladeeb-coffee.com\/tr\/wp-json\/wp\/v2\/media?parent=21409"}],"wp:term":[{"taxonomy":"product_brand","embeddable":true,"href":"https:\/\/aladeeb-coffee.com\/tr\/wp-json\/wp\/v2\/product_brand?post=21409"},{"taxonomy":"product_cat","embeddable":true,"href":"https:\/\/aladeeb-coffee.com\/tr\/wp-json\/wp\/v2\/product_cat?post=21409"},{"taxonomy":"product_tag","embeddable":true,"href":"https:\/\/aladeeb-coffee.com\/tr\/wp-json\/wp\/v2\/product_tag?post=21409"}],"curies":[{"name":"wp","href":"https:\/\/api.w.org\/{rel}","templated":true}]}}