{"id":22589,"date":"2026-02-19T16:12:51","date_gmt":"2026-02-19T13:12:51","guid":{"rendered":"https:\/\/aladeeb-coffee.com\/?post_type=product&#038;p=22589"},"modified":"2026-04-22T18:29:30","modified_gmt":"2026-04-22T15:29:30","slug":"kabak-sari-karpuz-cekirdegi-ve-soslu-yer-fistigi-3lu-kuruyemis-set-500g-aycekirdegi-hediye","status":"publish","type":"product","link":"https:\/\/aladeeb-coffee.com\/tr\/urun\/kabak-sari-karpuz-cekirdegi-ve-soslu-yer-fistigi-3lu-kuruyemis-set-500g-aycekirdegi-hediye\/","title":{"rendered":"Kabak, Sar\u0131 Karpuz \u00c7ekirde\u011fi ve Soslu Yer F\u0131st\u0131\u011f\u0131 3\u2019l\u00fc Kuruyemi\u015f Set + 500g Ay\u00e7ekirde\u011fi Hediye"},"content":{"rendered":"<p>Kabak, Sar\u0131 Karpuz \u00c7ekirde\u011fi ve Soslu Yer F\u0131st\u0131\u011f\u0131 3\u2019l\u00fc Set + 500gr Ay\u00e7ekirde\u011fi Hediye \u2013 Kuruyemi\u015f Ramazan \u00d6zelLezzetli ve sa\u011fl\u0131kl\u0131 kuruyemi\u015f 3\u2019l\u00fc set; 500g Kabak \u00c7ekirde\u011fi, 500g Sar\u0131 Karpuz \u00c7ekirde\u011fi, 500g Soslu Yer F\u0131st\u0131\u011f\u0131 ile birlikte 500g Ay\u00e7ekirde\u011fi hediyeli. Ramazan sofralar\u0131n\u0131za \u00f6zel, do\u011fal ve katk\u0131s\u0131z at\u0131\u015ft\u0131rmal\u0131k keyfi.\u00a0Evde sa\u011fl\u0131kl\u0131 at\u0131\u015ft\u0131rmal\u0131k ve kahvalt\u0131l\u0131k i\u00e7in 3\u2019l\u00fc kuruyemi\u015f setimiz tam size g\u00f6re!Set \u0130\u00e7eri\u011fi:Kabak \u00c7ekirde\u011fi 500g: Do\u011fal, kavrulmu\u015f ve katk\u0131s\u0131z. Y\u00fcksek protein ve vitamin kayna\u011f\u0131.Sar\u0131 Karpuz \u00c7ekirde\u011fi 500g: Pratik t\u00fcketim, geleneksel lezzet, \u00e7\u0131t\u0131r ve aromatik.Soslu Yer F\u0131st\u0131\u011f\u0131 500g: Dengeli baharat ve sos ile haz\u0131rlanm\u0131\u015f, evde at\u0131\u015ft\u0131rmal\u0131k keyfi.Hediye: Ay\u00e7ekirde\u011fi 500g \u2013 Ramazan ve \u00f6zel g\u00fcnlerde bonus avantaj\u0131.Neden Bu Set?Tek pakette 3 \u00e7e\u015fit kuruyemi\u015f + hediyeRamazan sofralar\u0131, kahvalt\u0131lar ve ev at\u0131\u015ft\u0131rmal\u0131klar\u0131 i\u00e7in idealKatk\u0131s\u0131z ve do\u011fal \u00fcr\u00fcnlerAvantajl\u0131 fiyat: Tek tek toplam 647 TL yerine 547 TLKullan\u0131m Alanlar\u0131:Kahvalt\u0131 sofralar\u0131ndaMeze ve salata tabaklar\u0131nda\u00c7ocuklar i\u00e7in sa\u011fl\u0131kl\u0131 at\u0131\u015ft\u0131rmal\u0131kEvde pratik hediye veya ikraml\u0131kSaklama \u00d6nerisi:Serin, kuru ve g\u00fcne\u015f g\u00f6rmeyen ortamda muhafaza ediniz. Ambalaj a\u00e7\u0131ld\u0131ktan sonra hava almayacak \u015fekilde saklay\u0131n.Teknik Bilgiler:Marka: Aladeeb (veya markan\u0131za g\u00f6re)Gramaj: 500g Kabak + 500g Sar\u0131 Karpuz + 500g Soslu Yer F\u0131st\u0131\u011f\u0131 + 500g Ay\u00e7ekirde\u011fi\u0130\u00e7erik: Kabak \u00e7ekirde\u011fi, sar\u0131 karpuz \u00e7ekirde\u011fi, soslu yer f\u0131st\u0131\u011f\u0131, ay\u00e7ekirde\u011fiYap\u0131: Katk\u0131s\u0131z, kavrulmu\u015f, do\u011falMen\u015fei: T\u00fcrkiyeAlerjen Uyar\u0131s\u0131: Yer f\u0131st\u0131\u011f\u0131 ve \u00e7ekirdek i\u00e7erir.Paket: Hava ge\u00e7irmez, tazeli\u011fi koruyan paket<\/p>\n","protected":false},"excerpt":{"rendered":"<p>Kabak, Sar\u0131 Karpuz \u00c7ekirde\u011fi ve Soslu Yer F\u0131st\u0131\u011f\u0131 3\u2019l\u00fc Set + 500gr Ay\u00e7ekirde\u011fi Hediye \u2013 Kuruyemi\u015f Ramazan \u00d6zelLezzetli ve sa\u011fl\u0131kl\u0131 kuruyemi\u015f 3\u2019l\u00fc set; 500g Kabak \u00c7ekirde\u011fi, 500g Sar\u0131 Karpuz \u00c7ekirde\u011fi, 500g Soslu Yer F\u0131st\u0131\u011f\u0131 ile birlikte 500g Ay\u00e7ekirde\u011fi hediyeli. Ramazan sofralar\u0131n\u0131za \u00f6zel, do\u011fal ve katk\u0131s\u0131z&#8230;<\/p>\n","protected":false},"featured_media":22565,"comment_status":"open","ping_status":"closed","template":"","meta":[],"product_brand":[],"product_cat":[347],"product_tag":[],"class_list":{"0":"post-22589","1":"product","2":"type-product","3":"status-publish","4":"has-post-thumbnail","6":"product_cat-hicbiri","8":"first","9":"instock","10":"sale","11":"shipping-taxable","12":"purchasable","13":"product-type-simple"},"etheme_brands":{"errors":{"invalid_taxonomy":["S\u0131n\u0131fland\u0131rma ge\u00e7ersiz."]},"error_data":[]},"_links":{"self":[{"href":"https:\/\/aladeeb-coffee.com\/tr\/wp-json\/wp\/v2\/product\/22589","targetHints":{"allow":["GET"]}}],"collection":[{"href":"https:\/\/aladeeb-coffee.com\/tr\/wp-json\/wp\/v2\/product"}],"about":[{"href":"https:\/\/aladeeb-coffee.com\/tr\/wp-json\/wp\/v2\/types\/product"}],"replies":[{"embeddable":true,"href":"https:\/\/aladeeb-coffee.com\/tr\/wp-json\/wp\/v2\/comments?post=22589"}],"version-history":[{"count":2,"href":"https:\/\/aladeeb-coffee.com\/tr\/wp-json\/wp\/v2\/product\/22589\/revisions"}],"predecessor-version":[{"id":23050,"href":"https:\/\/aladeeb-coffee.com\/tr\/wp-json\/wp\/v2\/product\/22589\/revisions\/23050"}],"wp:featuredmedia":[{"embeddable":true,"href":"https:\/\/aladeeb-coffee.com\/tr\/wp-json\/wp\/v2\/media\/22565"}],"wp:attachment":[{"href":"https:\/\/aladeeb-coffee.com\/tr\/wp-json\/wp\/v2\/media?parent=22589"}],"wp:term":[{"taxonomy":"product_brand","embeddable":true,"href":"https:\/\/aladeeb-coffee.com\/tr\/wp-json\/wp\/v2\/product_brand?post=22589"},{"taxonomy":"product_cat","embeddable":true,"href":"https:\/\/aladeeb-coffee.com\/tr\/wp-json\/wp\/v2\/product_cat?post=22589"},{"taxonomy":"product_tag","embeddable":true,"href":"https:\/\/aladeeb-coffee.com\/tr\/wp-json\/wp\/v2\/product_tag?post=22589"}],"curies":[{"name":"wp","href":"https:\/\/api.w.org\/{rel}","templated":true}]}}