{"id":23235,"date":"2026-04-08T16:25:05","date_gmt":"2026-04-08T13:25:05","guid":{"rendered":"https:\/\/aladeeb-coffee.com\/?post_type=product&#038;p=23235"},"modified":"2026-04-16T16:34:10","modified_gmt":"2026-04-16T13:34:10","slug":"3u-1-arada-sutlu-kopuklu-kahve-18-g-x-24-adet-firsat-paketi-2","status":"publish","type":"product","link":"https:\/\/aladeeb-coffee.com\/tr\/urun\/3u-1-arada-sutlu-kopuklu-kahve-18-g-x-24-adet-firsat-paketi-2\/","title":{"rendered":"3\u2019\u00fc 1 Arada S\u00fctl\u00fc K\u00f6p\u00fckl\u00fc Kahve \u2013 18 g x 24 Adet (F\u0131rsat Paketi)"},"content":{"rendered":"<p>ALADEEB 3\u2019\u00fc 1 Arada S\u00fctl\u00fc K\u00f6p\u00fckl\u00fc Kahve \u2013 18 g x 24 Adet (F\u0131rsat Paketi)\u00a0\u00dcr\u00fcn a\u00e7\u0131klamas\u0131:\u00a03\u2019\u00fc 1 arada s\u00fctl\u00fc k\u00f6p\u00fckl\u00fc kahve form\u00fcl\u00fc: h\u0131zl\u0131 haz\u0131rlan\u0131r, k\u00f6p\u00fckl\u00fc ve zengin bir tat deneyimi sunar.18 g\u2019l\u0131k tek porsiyonluk paketlar halinde, toplamda\u00a024 adetlik ekonomik f\u0131rsat paketi.Kolay ve pratik kullan\u0131m: sadece suyla veya s\u00fctle k\u0131sa s\u00fcrede k\u00f6p\u00fckl\u00fc kahve elde edin.Helal \u00fcretim: Gaziantep\u2019teki fabrikada helal \u015fartlarda \u00fcretilir ve g\u00fcvenli t\u00fcketim i\u00e7in onayl\u0131d\u0131r.Paket i\u00e7eri\u011fi:\u00a024 adet sachet; saklama i\u00e7in serin ve kuru yerde muhafaza edin.Kullan\u0131m \u00f6nerisi: tercihe g\u00f6re s\u0131cak veya so\u011fuk s\u00fctle haz\u0131rlay\u0131n; \u00fczerine tar\u00e7\u0131n veya kakao serpi\u015ftirebilirsiniz.<\/p>\n","protected":false},"excerpt":{"rendered":"<p>ALADEEB 3\u2019\u00fc 1 Arada S\u00fctl\u00fc K\u00f6p\u00fckl\u00fc Kahve \u2013 18 g x 24 Adet (F\u0131rsat Paketi)\u00a0\u00dcr\u00fcn a\u00e7\u0131klamas\u0131:\u00a03\u2019\u00fc 1 arada s\u00fctl\u00fc k\u00f6p\u00fckl\u00fc kahve form\u00fcl\u00fc: h\u0131zl\u0131 haz\u0131rlan\u0131r, k\u00f6p\u00fckl\u00fc ve zengin bir tat deneyimi sunar.18 g\u2019l\u0131k tek porsiyonluk paketlar halinde, toplamda\u00a024 adetlik ekonomik f\u0131rsat paketi.Kolay ve pratik kullan\u0131m: sadece&#8230;<\/p>\n","protected":false},"featured_media":23214,"comment_status":"open","ping_status":"closed","template":"","meta":[],"product_brand":[],"product_cat":[347],"product_tag":[],"class_list":{"0":"post-23235","1":"product","2":"type-product","3":"status-publish","4":"has-post-thumbnail","6":"product_cat-hicbiri","8":"first","9":"instock","10":"sale","11":"shipping-taxable","12":"purchasable","13":"product-type-simple"},"etheme_brands":{"errors":{"invalid_taxonomy":["S\u0131n\u0131fland\u0131rma ge\u00e7ersiz."]},"error_data":[]},"_links":{"self":[{"href":"https:\/\/aladeeb-coffee.com\/tr\/wp-json\/wp\/v2\/product\/23235","targetHints":{"allow":["GET"]}}],"collection":[{"href":"https:\/\/aladeeb-coffee.com\/tr\/wp-json\/wp\/v2\/product"}],"about":[{"href":"https:\/\/aladeeb-coffee.com\/tr\/wp-json\/wp\/v2\/types\/product"}],"replies":[{"embeddable":true,"href":"https:\/\/aladeeb-coffee.com\/tr\/wp-json\/wp\/v2\/comments?post=23235"}],"version-history":[{"count":1,"href":"https:\/\/aladeeb-coffee.com\/tr\/wp-json\/wp\/v2\/product\/23235\/revisions"}],"predecessor-version":[{"id":23236,"href":"https:\/\/aladeeb-coffee.com\/tr\/wp-json\/wp\/v2\/product\/23235\/revisions\/23236"}],"wp:featuredmedia":[{"embeddable":true,"href":"https:\/\/aladeeb-coffee.com\/tr\/wp-json\/wp\/v2\/media\/23214"}],"wp:attachment":[{"href":"https:\/\/aladeeb-coffee.com\/tr\/wp-json\/wp\/v2\/media?parent=23235"}],"wp:term":[{"taxonomy":"product_brand","embeddable":true,"href":"https:\/\/aladeeb-coffee.com\/tr\/wp-json\/wp\/v2\/product_brand?post=23235"},{"taxonomy":"product_cat","embeddable":true,"href":"https:\/\/aladeeb-coffee.com\/tr\/wp-json\/wp\/v2\/product_cat?post=23235"},{"taxonomy":"product_tag","embeddable":true,"href":"https:\/\/aladeeb-coffee.com\/tr\/wp-json\/wp\/v2\/product_tag?post=23235"}],"curies":[{"name":"wp","href":"https:\/\/api.w.org\/{rel}","templated":true}]}}