{"id":23255,"date":"2026-04-10T17:37:21","date_gmt":"2026-04-10T14:37:21","guid":{"rendered":"https:\/\/aladeeb-coffee.com\/product\/kepse-baharati-kabse-3-x-50-gr-3lu-paket\/"},"modified":"2026-04-10T17:39:39","modified_gmt":"2026-04-10T14:39:39","slug":"kepse-baharati-kabse-3-x-50-gr-3lu-paket","status":"publish","type":"product","link":"https:\/\/aladeeb-coffee.com\/tr\/urun\/kepse-baharati-kabse-3-x-50-gr-3lu-paket\/","title":{"rendered":"Kepse Baharat\u0131 (Kabse) 3 X 50 gr ( 3&#8217;l\u00fc Paket )"},"content":{"rendered":"<p>Kepse Baharat\u0131 (Kabse) 50 X 3 gr ( 3&#8217;l\u00fc Paket )\u00dcR\u00dcN A\u00c7IKLAMASIKabse Baharat\u0131 (Kepse Baharat\u0131), Orta Do\u011fu mutfa\u011f\u0131n\u0131n en sevilen lezzetlerinden olan Arap Kabse Pilav\u0131 i\u00e7in \u00f6zel olarak haz\u0131rlanm\u0131\u015f aromatik bir baharat kar\u0131\u015f\u0131m\u0131d\u0131r. Tavuklu, etli ve sebzeli pilav tariflerinde yo\u011fun aroma ve \u00f6zg\u00fcn tat sa\u011flar.\u00d6zenle se\u00e7ilmi\u015f baharatlar\u0131n dengeli kar\u0131\u015f\u0131m\u0131 sayesinde yemeklerinize hem koku hem de lezzet derinli\u011fi katar. Evde pratik \u015fekilde Kabse Pilav\u0131, Kepse Pilav\u0131, tavuk yemekleri ve Orta Do\u011fu mutfa\u011f\u0131 tarifleri haz\u0131rlamak i\u00e7in idealdir.\u00dcr\u00fcn \u00d6zellikleriNet Miktar:\u00a03ADET\u00a0 X 50 \u00a0GramKullan\u0131m Alan\u0131: Kabse Pilav\u0131, Kepse Pilav\u0131, Tavuk Yemekleri, Et YemekleriKatk\u0131 Maddesi: \u0130\u00e7ermezMen\u015fei: T\u00fcrkiyePaketleme: Taze \u00f6\u011f\u00fct\u00fclm\u00fc\u015f, aromas\u0131 korunarak paketlenmi\u015ftir\u00a0Kabse Baharat\u0131, Kepse Baharat\u0131, Kabsa Baharat\u0131, Arap Pilav\u0131 Baharat\u0131, Kabse Pilav Baharat\u0131, Tavuk Baharat\u0131, Orta Do\u011fu Baharat\u0131<\/p>\n","protected":false},"excerpt":{"rendered":"<p>Kepse Baharat\u0131 (Kabse) 50 X 3 gr ( 3&#8217;l\u00fc Paket )\u00dcR\u00dcN A\u00c7IKLAMASIKabse Baharat\u0131 (Kepse Baharat\u0131), Orta Do\u011fu mutfa\u011f\u0131n\u0131n en sevilen lezzetlerinden olan Arap Kabse Pilav\u0131 i\u00e7in \u00f6zel olarak haz\u0131rlanm\u0131\u015f aromatik bir baharat kar\u0131\u015f\u0131m\u0131d\u0131r. Tavuklu, etli ve sebzeli pilav tariflerinde yo\u011fun aroma ve \u00f6zg\u00fcn tat sa\u011flar.\u00d6zenle&#8230;<\/p>\n","protected":false},"featured_media":23237,"comment_status":"open","ping_status":"closed","template":"","meta":[],"product_brand":[],"product_cat":[356],"product_tag":[],"class_list":{"0":"post-23255","1":"product","2":"type-product","3":"status-publish","4":"has-post-thumbnail","6":"product_cat-baharatlar","8":"first","9":"instock","10":"sale","11":"shipping-taxable","12":"purchasable","13":"product-type-simple"},"etheme_brands":{"errors":{"invalid_taxonomy":["S\u0131n\u0131fland\u0131rma ge\u00e7ersiz."]},"error_data":[]},"_links":{"self":[{"href":"https:\/\/aladeeb-coffee.com\/tr\/wp-json\/wp\/v2\/product\/23255","targetHints":{"allow":["GET"]}}],"collection":[{"href":"https:\/\/aladeeb-coffee.com\/tr\/wp-json\/wp\/v2\/product"}],"about":[{"href":"https:\/\/aladeeb-coffee.com\/tr\/wp-json\/wp\/v2\/types\/product"}],"replies":[{"embeddable":true,"href":"https:\/\/aladeeb-coffee.com\/tr\/wp-json\/wp\/v2\/comments?post=23255"}],"version-history":[{"count":1,"href":"https:\/\/aladeeb-coffee.com\/tr\/wp-json\/wp\/v2\/product\/23255\/revisions"}],"predecessor-version":[{"id":23278,"href":"https:\/\/aladeeb-coffee.com\/tr\/wp-json\/wp\/v2\/product\/23255\/revisions\/23278"}],"wp:featuredmedia":[{"embeddable":true,"href":"https:\/\/aladeeb-coffee.com\/tr\/wp-json\/wp\/v2\/media\/23237"}],"wp:attachment":[{"href":"https:\/\/aladeeb-coffee.com\/tr\/wp-json\/wp\/v2\/media?parent=23255"}],"wp:term":[{"taxonomy":"product_brand","embeddable":true,"href":"https:\/\/aladeeb-coffee.com\/tr\/wp-json\/wp\/v2\/product_brand?post=23255"},{"taxonomy":"product_cat","embeddable":true,"href":"https:\/\/aladeeb-coffee.com\/tr\/wp-json\/wp\/v2\/product_cat?post=23255"},{"taxonomy":"product_tag","embeddable":true,"href":"https:\/\/aladeeb-coffee.com\/tr\/wp-json\/wp\/v2\/product_tag?post=23255"}],"curies":[{"name":"wp","href":"https:\/\/api.w.org\/{rel}","templated":true}]}}