{"id":23497,"date":"2026-05-11T17:53:58","date_gmt":"2026-05-11T14:53:58","guid":{"rendered":"https:\/\/aladeeb-coffee.com\/product\/2si-1-arada-sekersiz-hazir-kahve\/"},"modified":"2026-05-11T17:55:30","modified_gmt":"2026-05-11T14:55:30","slug":"2si-1-arada-sekersiz-hazir-kahve","status":"publish","type":"product","link":"https:\/\/aladeeb-coffee.com\/tr\/urun\/2si-1-arada-sekersiz-hazir-kahve\/","title":{"rendered":"2\u2019si 1 Arada \u015eekersiz Haz\u0131r Kahve"},"content":{"rendered":"<p>EXPERT COFFEE 2\u2019si 1 Arada \u015eekersiz Haz\u0131r Kahve, ilave \u015feker t\u00fcketmek istemeyen kahve severler i\u00e7in \u00f6zel olarak geli\u015ftirilmi\u015f premium instant kahve kar\u0131\u015f\u0131m\u0131d\u0131r.Her biri 10 graml\u0131k 24 adet tek kullan\u0131ml\u0131k stick paket sayesinde tazeli\u011fini korur, h\u0131zl\u0131 haz\u0131rlan\u0131r ve g\u00fcn\u00fcn her an\u0131nda pratik kahve keyfi sunar.\u00d6zel kahve kremas\u0131 ile dengelenmi\u015f yo\u011fun kahve aromas\u0131, yumu\u015fak i\u00e7im deneyimi sa\u011flar. Evde, ofiste, seyahatte veya i\u015f molalar\u0131nda kolayca haz\u0131rlanabilir.T\u00fcrkiye\u2019de modern \u00fcretim tesislerinde T\u00fcrk G\u0131da Kodeksi\u2019ne uygun olarak \u00fcretilmektedir.\u0130\u00e7indekilerHaz\u0131r kahve, kahve kremas\u0131 (%33) [glikoz \u015furubu, tam hidrojenize edilmi\u015f hindistan cevizi ve palmiye ya\u011f\u0131], maltodekstrin, stabilizat\u00f6rler (E340, E331, E452), topaklanmay\u0131 \u00f6nleyici (E551), aroma vericiler.Alerjen Uyar\u0131s\u0131Laktoz \u00fcr\u00fcnleri i\u00e7erir.Besin De\u011ferleri (1 Porsiyon \/ 10 g)Enerji: 36 kcalToplam Ya\u011f: 0,127 gDoymu\u015f Ya\u011f: 0,063 gKarbonhidrat: 8,476 gDiyet Lifi: 1,116 gToplam \u015eeker: 2,207 gProtein: 0,74 gTuz: 0,023 gKullan\u0131m Talimat\u01311 stick paketi fincana bo\u015falt\u0131n\u0131z.150\u2013200 ml s\u0131cak su ekleyiniz.Kar\u0131\u015ft\u0131rarak servis ediniz.Saklama Ko\u015fullar\u0131Serin, kuru ve g\u00fcne\u015f \u0131\u015f\u0131\u011f\u0131ndan uzak yerde muhafaza ediniz.Ek Bilgiler\u015eeker ilavesiz form\u00fclTek kullan\u0131ml\u0131k hijyenik paketlerYerli \u00fcretimDomuz ya\u011f\u0131 ve katk\u0131lar\u0131 i\u00e7ermezT\u00fcrk G\u0131da Kodeksi\u2019ne uygundur<\/p>\n","protected":false},"excerpt":{"rendered":"<p>EXPERT COFFEE 2\u2019si 1 Arada \u015eekersiz Haz\u0131r Kahve, ilave \u015feker t\u00fcketmek istemeyen kahve severler i\u00e7in \u00f6zel olarak geli\u015ftirilmi\u015f premium instant kahve kar\u0131\u015f\u0131m\u0131d\u0131r.Her biri 10 graml\u0131k 24 adet tek kullan\u0131ml\u0131k stick paket sayesinde tazeli\u011fini korur, h\u0131zl\u0131 haz\u0131rlan\u0131r ve g\u00fcn\u00fcn her an\u0131nda pratik kahve keyfi sunar.\u00d6zel kahve&#8230;<\/p>\n","protected":false},"featured_media":23473,"comment_status":"open","ping_status":"closed","template":"","meta":[],"product_brand":[],"product_cat":[347],"product_tag":[],"class_list":{"0":"post-23497","1":"product","2":"type-product","3":"status-publish","4":"has-post-thumbnail","6":"product_cat-hicbiri","8":"first","9":"instock","10":"sale","11":"shipping-taxable","12":"purchasable","13":"product-type-simple"},"etheme_brands":{"errors":{"invalid_taxonomy":["S\u0131n\u0131fland\u0131rma ge\u00e7ersiz."]},"error_data":[]},"_links":{"self":[{"href":"https:\/\/aladeeb-coffee.com\/tr\/wp-json\/wp\/v2\/product\/23497","targetHints":{"allow":["GET"]}}],"collection":[{"href":"https:\/\/aladeeb-coffee.com\/tr\/wp-json\/wp\/v2\/product"}],"about":[{"href":"https:\/\/aladeeb-coffee.com\/tr\/wp-json\/wp\/v2\/types\/product"}],"replies":[{"embeddable":true,"href":"https:\/\/aladeeb-coffee.com\/tr\/wp-json\/wp\/v2\/comments?post=23497"}],"version-history":[{"count":0,"href":"https:\/\/aladeeb-coffee.com\/tr\/wp-json\/wp\/v2\/product\/23497\/revisions"}],"wp:featuredmedia":[{"embeddable":true,"href":"https:\/\/aladeeb-coffee.com\/tr\/wp-json\/wp\/v2\/media\/23473"}],"wp:attachment":[{"href":"https:\/\/aladeeb-coffee.com\/tr\/wp-json\/wp\/v2\/media?parent=23497"}],"wp:term":[{"taxonomy":"product_brand","embeddable":true,"href":"https:\/\/aladeeb-coffee.com\/tr\/wp-json\/wp\/v2\/product_brand?post=23497"},{"taxonomy":"product_cat","embeddable":true,"href":"https:\/\/aladeeb-coffee.com\/tr\/wp-json\/wp\/v2\/product_cat?post=23497"},{"taxonomy":"product_tag","embeddable":true,"href":"https:\/\/aladeeb-coffee.com\/tr\/wp-json\/wp\/v2\/product_tag?post=23497"}],"curies":[{"name":"wp","href":"https:\/\/api.w.org\/{rel}","templated":true}]}}